{"id":678,"date":"2024-01-09T18:39:43","date_gmt":"2024-01-09T17:39:43","guid":{"rendered":"https:\/\/www.chatajarmilka.cz\/?page_id=678"},"modified":"2024-04-28T13:11:48","modified_gmt":"2024-04-28T11:11:48","slug":"accommodation-and-surroundings","status":"publish","type":"page","link":"https:\/\/www.chatajarmilka.cz\/en\/accommodation-and-surroundings\/","title":{"rendered":"Accommodation and surroundings"},"content":{"rendered":"<section class=\"l-section wpb_row height_small\"><div class=\"l-section-h i-cf\"><div class=\"g-cols vc_row via_grid cols_1 laptops-cols_inherit tablets-cols_inherit mobiles-cols_1 valign_top type_default stacking_default\"><div class=\"wpb_column vc_column_container\"><div class=\"vc_column-inner\"><h1 class=\"w-text\"><span class=\"w-text-h\"><span class=\"w-text-value\">Surroundings of Bed\u0159ichov in the Jizera Mountains<\/span><\/span><\/h1><div class=\"wpb_text_column\"><div class=\"wpb_wrapper\"><h5>The guesthouse is located in Bed\u0159ichov in the Jizera Mountains Protected Landscape Area. The guesthouse is easily accessible all year round by car and by public transport on roads in the direction of Liberec, Jablonec nad Nisou and Smr\u017eovka.<\/h5>\n<\/div><\/div><\/div><\/div><\/div><\/div><\/section><section class=\"l-section wpb_row height_small\"><div class=\"l-section-h i-cf\"><div class=\"g-cols vc_row via_grid cols_1 laptops-cols_inherit tablets-cols_inherit mobiles-cols_1 valign_top type_default stacking_default\"><div class=\"wpb_column vc_column_container\"><div class=\"vc_column-inner\"><h2 class=\"w-text\"><span class=\"w-text-h\"><span class=\"w-text-value\">The following public services are located in Bed\u0159ichov<\/span><\/span><\/h2><div class=\"wpb_text_column\"><div class=\"wpb_wrapper\"><ul>\n<li>Mountain Service &#8211; located directly opposite the central (lower) car park. The non-stop telephone number is 483 380 073.<\/li>\n<li>Information centre<\/li>\n<li>2 car parks (in the centre and at Malinik)<\/li>\n<li>2 convenience stores<\/li>\n<li>Sporting goods shop<\/li>\n<li>Bicycle and ski rental &#8211; guests get 10% discount on the original price<\/li>\n<li>Rope park &#8211; guests get 10% discount<\/li>\n<li>2 restaurants<\/li>\n<li>Bowling centre<\/li>\n<li>Tennis courts in the sports stadium<\/li>\n<li>Natural swimming pool<\/li>\n<li>Kr\u00e1lovka lookout tower<\/li>\n<li>Church of St. Anthony Paduan<\/li>\n<li>The Jizera Highway &#8211; over 100 km of mechanically groomed cross-country skiing trails<\/li>\n<li>Bed\u0159ichov Ski Resort &#8211; downhill runs (8\u00d7 easy, 2\u00d7 medium), 8 lifts, the most popular slope Malinovka<\/li>\n<li>Network of hiking and cycling trails<\/li>\n<li>Transportation is available by ski buses and cycle buses<\/li>\n<\/ul>\n<\/div><\/div><\/div><\/div><\/div><\/div><\/section><section class=\"l-section wpb_row height_small\"><div class=\"l-section-h i-cf\"><div class=\"g-cols vc_row via_grid cols_1 laptops-cols_inherit tablets-cols_inherit mobiles-cols_1 valign_top type_default stacking_default\"><div class=\"wpb_column vc_column_container\"><div class=\"vc_column-inner\"><div class=\"w-gallery type_metro_3 action_popup_image ratio_1x1 count_10\" style=\"--columns:4;--items-gap:5px;\"><div class=\"w-gallery-list\"><div class=\"w-gallery-item\"><div class=\"w-gallery-item-img\"><img loading=\"lazy\" decoding=\"async\" width=\"1920\" height=\"1280\" src=\"https:\/\/www.chatajarmilka.cz\/wp-content\/uploads\/2024\/01\/BEN_1215.jpg\" class=\"attachment-full size-full\" alt=\"\" srcset=\"https:\/\/www.chatajarmilka.cz\/wp-content\/uploads\/2024\/01\/BEN_1215.jpg 1920w, https:\/\/www.chatajarmilka.cz\/wp-content\/uploads\/2024\/01\/BEN_1215-300x200.jpg 300w, https:\/\/www.chatajarmilka.cz\/wp-content\/uploads\/2024\/01\/BEN_1215-1024x683.jpg 1024w\" sizes=\"auto, (max-width: 1920px) 100vw, 1920px\" \/><\/div><a class=\"w-gallery-item-link\" aria-label=\"BEN_1215\" href=\"https:\/\/www.chatajarmilka.cz\/wp-content\/uploads\/2024\/01\/BEN_1215.jpg\"><\/a><\/div><div class=\"w-gallery-item\"><div class=\"w-gallery-item-img\"><img loading=\"lazy\" decoding=\"async\" width=\"1920\" height=\"1280\" src=\"https:\/\/www.chatajarmilka.cz\/wp-content\/uploads\/2024\/01\/BEN_5909.jpg\" class=\"attachment-full size-full\" alt=\"\" srcset=\"https:\/\/www.chatajarmilka.cz\/wp-content\/uploads\/2024\/01\/BEN_5909.jpg 1920w, https:\/\/www.chatajarmilka.cz\/wp-content\/uploads\/2024\/01\/BEN_5909-300x200.jpg 300w, https:\/\/www.chatajarmilka.cz\/wp-content\/uploads\/2024\/01\/BEN_5909-1024x683.jpg 1024w\" sizes=\"auto, (max-width: 1920px) 100vw, 1920px\" \/><\/div><a class=\"w-gallery-item-link\" aria-label=\"BEN_5909\" href=\"https:\/\/www.chatajarmilka.cz\/wp-content\/uploads\/2024\/01\/BEN_5909.jpg\"><\/a><\/div><div class=\"w-gallery-item\"><div class=\"w-gallery-item-img\"><img loading=\"lazy\" decoding=\"async\" width=\"1920\" height=\"1280\" src=\"https:\/\/www.chatajarmilka.cz\/wp-content\/uploads\/2024\/01\/BEN_5542.jpg\" class=\"attachment-full size-full\" alt=\"\" srcset=\"https:\/\/www.chatajarmilka.cz\/wp-content\/uploads\/2024\/01\/BEN_5542.jpg 1920w, https:\/\/www.chatajarmilka.cz\/wp-content\/uploads\/2024\/01\/BEN_5542-300x200.jpg 300w, https:\/\/www.chatajarmilka.cz\/wp-content\/uploads\/2024\/01\/BEN_5542-1024x683.jpg 1024w\" sizes=\"auto, (max-width: 1920px) 100vw, 1920px\" \/><\/div><a class=\"w-gallery-item-link\" aria-label=\"BEN_5542\" href=\"https:\/\/www.chatajarmilka.cz\/wp-content\/uploads\/2024\/01\/BEN_5542.jpg\"><\/a><\/div><div class=\"w-gallery-item\"><div class=\"w-gallery-item-img\"><img loading=\"lazy\" decoding=\"async\" width=\"1920\" height=\"1440\" src=\"https:\/\/www.chatajarmilka.cz\/wp-content\/uploads\/2024\/01\/P5240055.jpg\" class=\"attachment-full size-full\" alt=\"\" srcset=\"https:\/\/www.chatajarmilka.cz\/wp-content\/uploads\/2024\/01\/P5240055.jpg 1920w, https:\/\/www.chatajarmilka.cz\/wp-content\/uploads\/2024\/01\/P5240055-300x225.jpg 300w, https:\/\/www.chatajarmilka.cz\/wp-content\/uploads\/2024\/01\/P5240055-1024x768.jpg 1024w\" sizes=\"auto, (max-width: 1920px) 100vw, 1920px\" \/><\/div><a class=\"w-gallery-item-link\" aria-label=\"P5240055\" href=\"https:\/\/www.chatajarmilka.cz\/wp-content\/uploads\/2024\/01\/P5240055.jpg\"><\/a><\/div><div class=\"w-gallery-item\"><div class=\"w-gallery-item-img\"><img loading=\"lazy\" decoding=\"async\" width=\"600\" height=\"450\" src=\"https:\/\/www.chatajarmilka.cz\/wp-content\/uploads\/2024\/01\/bedrichov-sjezdovky3_m.jpg\" class=\"attachment-full size-full\" alt=\"\" srcset=\"https:\/\/www.chatajarmilka.cz\/wp-content\/uploads\/2024\/01\/bedrichov-sjezdovky3_m.jpg 600w, https:\/\/www.chatajarmilka.cz\/wp-content\/uploads\/2024\/01\/bedrichov-sjezdovky3_m-300x225.jpg 300w\" sizes=\"auto, (max-width: 600px) 100vw, 600px\" \/><\/div><a class=\"w-gallery-item-link\" aria-label=\"bedrichov-sjezdovky3_m\" href=\"https:\/\/www.chatajarmilka.cz\/wp-content\/uploads\/2024\/01\/bedrichov-sjezdovky3_m.jpg\"><\/a><\/div><div class=\"w-gallery-item\"><div class=\"w-gallery-item-img\"><img loading=\"lazy\" decoding=\"async\" width=\"800\" height=\"600\" src=\"https:\/\/www.chatajarmilka.cz\/wp-content\/uploads\/2024\/01\/370_img-stgal.jpg\" class=\"attachment-full size-full\" alt=\"\" srcset=\"https:\/\/www.chatajarmilka.cz\/wp-content\/uploads\/2024\/01\/370_img-stgal.jpg 800w, https:\/\/www.chatajarmilka.cz\/wp-content\/uploads\/2024\/01\/370_img-stgal-300x225.jpg 300w\" sizes=\"auto, (max-width: 800px) 100vw, 800px\" \/><\/div><a class=\"w-gallery-item-link\" aria-label=\"370_img-stgal\" href=\"https:\/\/www.chatajarmilka.cz\/wp-content\/uploads\/2024\/01\/370_img-stgal.jpg\"><\/a><\/div><div class=\"w-gallery-item\"><div class=\"w-gallery-item-img\"><img loading=\"lazy\" decoding=\"async\" width=\"1920\" height=\"1280\" src=\"https:\/\/www.chatajarmilka.cz\/wp-content\/uploads\/2024\/01\/BEN_5450.jpg\" class=\"attachment-full size-full\" alt=\"\" srcset=\"https:\/\/www.chatajarmilka.cz\/wp-content\/uploads\/2024\/01\/BEN_5450.jpg 1920w, https:\/\/www.chatajarmilka.cz\/wp-content\/uploads\/2024\/01\/BEN_5450-300x200.jpg 300w, https:\/\/www.chatajarmilka.cz\/wp-content\/uploads\/2024\/01\/BEN_5450-1024x683.jpg 1024w\" sizes=\"auto, (max-width: 1920px) 100vw, 1920px\" \/><\/div><a class=\"w-gallery-item-link\" aria-label=\"BEN_5450\" href=\"https:\/\/www.chatajarmilka.cz\/wp-content\/uploads\/2024\/01\/BEN_5450.jpg\"><\/a><\/div><div class=\"w-gallery-item\"><div class=\"w-gallery-item-img\"><img loading=\"lazy\" decoding=\"async\" width=\"1920\" height=\"1440\" src=\"https:\/\/www.chatajarmilka.cz\/wp-content\/uploads\/2024\/01\/P1297241.jpg\" class=\"attachment-full size-full\" alt=\"\" srcset=\"https:\/\/www.chatajarmilka.cz\/wp-content\/uploads\/2024\/01\/P1297241.jpg 1920w, https:\/\/www.chatajarmilka.cz\/wp-content\/uploads\/2024\/01\/P1297241-300x225.jpg 300w, https:\/\/www.chatajarmilka.cz\/wp-content\/uploads\/2024\/01\/P1297241-1024x768.jpg 1024w\" sizes=\"auto, (max-width: 1920px) 100vw, 1920px\" \/><\/div><a class=\"w-gallery-item-link\" aria-label=\"P1297241\" href=\"https:\/\/www.chatajarmilka.cz\/wp-content\/uploads\/2024\/01\/P1297241.jpg\"><\/a><\/div><div class=\"w-gallery-item\"><div class=\"w-gallery-item-img\"><img loading=\"lazy\" decoding=\"async\" width=\"1920\" height=\"1280\" src=\"https:\/\/www.chatajarmilka.cz\/wp-content\/uploads\/2024\/01\/BEN_1221.jpg\" class=\"attachment-full size-full\" alt=\"\" srcset=\"https:\/\/www.chatajarmilka.cz\/wp-content\/uploads\/2024\/01\/BEN_1221.jpg 1920w, https:\/\/www.chatajarmilka.cz\/wp-content\/uploads\/2024\/01\/BEN_1221-300x200.jpg 300w, https:\/\/www.chatajarmilka.cz\/wp-content\/uploads\/2024\/01\/BEN_1221-1024x683.jpg 1024w\" sizes=\"auto, (max-width: 1920px) 100vw, 1920px\" \/><\/div><a class=\"w-gallery-item-link\" aria-label=\"BEN_1221\" href=\"https:\/\/www.chatajarmilka.cz\/wp-content\/uploads\/2024\/01\/BEN_1221.jpg\"><\/a><\/div><div class=\"w-gallery-item\"><div class=\"w-gallery-item-img\"><img loading=\"lazy\" decoding=\"async\" width=\"1920\" height=\"1280\" src=\"https:\/\/www.chatajarmilka.cz\/wp-content\/uploads\/2024\/01\/BEN_5813.jpg\" class=\"attachment-full size-full\" alt=\"\" srcset=\"https:\/\/www.chatajarmilka.cz\/wp-content\/uploads\/2024\/01\/BEN_5813.jpg 1920w, https:\/\/www.chatajarmilka.cz\/wp-content\/uploads\/2024\/01\/BEN_5813-300x200.jpg 300w, https:\/\/www.chatajarmilka.cz\/wp-content\/uploads\/2024\/01\/BEN_5813-1024x683.jpg 1024w\" sizes=\"auto, (max-width: 1920px) 100vw, 1920px\" \/><\/div><a class=\"w-gallery-item-link\" aria-label=\"BEN_5813\" href=\"https:\/\/www.chatajarmilka.cz\/wp-content\/uploads\/2024\/01\/BEN_5813.jpg\"><\/a><\/div><\/div><\/div><\/div><\/div><\/div><\/div><\/section>\n","protected":false},"excerpt":{"rendered":"","protected":false},"author":1,"featured_media":0,"parent":0,"menu_order":0,"comment_status":"closed","ping_status":"closed","template":"","meta":{"footnotes":""},"class_list":["post-678","page","type-page","status-publish","hentry"],"_links":{"self":[{"href":"https:\/\/www.chatajarmilka.cz\/en\/wp-json\/wp\/v2\/pages\/678","targetHints":{"allow":["GET"]}}],"collection":[{"href":"https:\/\/www.chatajarmilka.cz\/en\/wp-json\/wp\/v2\/pages"}],"about":[{"href":"https:\/\/www.chatajarmilka.cz\/en\/wp-json\/wp\/v2\/types\/page"}],"author":[{"embeddable":true,"href":"https:\/\/www.chatajarmilka.cz\/en\/wp-json\/wp\/v2\/users\/1"}],"replies":[{"embeddable":true,"href":"https:\/\/www.chatajarmilka.cz\/en\/wp-json\/wp\/v2\/comments?post=678"}],"version-history":[{"count":4,"href":"https:\/\/www.chatajarmilka.cz\/en\/wp-json\/wp\/v2\/pages\/678\/revisions"}],"predecessor-version":[{"id":879,"href":"https:\/\/www.chatajarmilka.cz\/en\/wp-json\/wp\/v2\/pages\/678\/revisions\/879"}],"wp:attachment":[{"href":"https:\/\/www.chatajarmilka.cz\/en\/wp-json\/wp\/v2\/media?parent=678"}],"curies":[{"name":"wp","href":"https:\/\/api.w.org\/{rel}","templated":true}]}}