{"id":657,"date":"2024-01-04T09:41:13","date_gmt":"2024-01-04T08:41:13","guid":{"rendered":"https:\/\/www.chatajarmilka.cz\/?page_id=657"},"modified":"2025-11-22T12:56:45","modified_gmt":"2025-11-22T11:56:45","slug":"homepage","status":"publish","type":"page","link":"https:\/\/www.chatajarmilka.cz\/en\/","title":{"rendered":"Homepage"},"content":{"rendered":"<section class=\"l-section wpb_row us_custom_0ccc3812 height_small\"><div class=\"l-section-h i-cf\"><div class=\"g-cols vc_row via_grid cols_2 laptops-cols_inherit tablets-cols_inherit mobiles-cols_1 valign_bottom type_default stacking_default\" style=\"--gap:1rem;\"><div class=\"wpb_column vc_column_container us_custom_39bd4889 has_bg_color has-link\"><div class=\"vc_column-inner\"><div class=\"wpb_text_column us_custom_cfa6d5e8 h2-main-page has_text_color\"><div class=\"wpb_wrapper\"><h2><strong>Pension<\/strong><\/h2>\n<p>More and booking &gt;<\/p>\n<\/div><\/div><\/div><a href=\"https:\/\/www.chatajarmilka.cz\/chata\" class=\"vc_column-link smooth-scroll\" aria-label=\"Link\"><\/a><\/div><div class=\"wpb_column vc_column_container us_custom_453c0063 has_bg_color has-link\"><div class=\"vc_column-inner\"><div class=\"wpb_text_column us_custom_fb44a55b has_text_color\"><div class=\"wpb_wrapper\"><h2><strong>Apartments<\/strong><\/h2>\n<p>More and booking &gt;<\/p>\n<\/div><\/div><\/div><a href=\"https:\/\/www.chatajarmilka.cz\/apartmany\" class=\"vc_column-link smooth-scroll\" aria-label=\"Link\"><\/a><\/div><\/div><\/div><\/section><section class=\"l-section wpb_row height_small\"><div class=\"l-section-h i-cf\"><div class=\"g-cols vc_row via_grid cols_1 laptops-cols_inherit tablets-cols_inherit mobiles-cols_1 valign_top type_default stacking_default\"><div class=\"wpb_column vc_column_container\"><div class=\"vc_column-inner\"><div class=\"wpb_text_column\"><div class=\"wpb_wrapper\"><h3 style=\"text-align: center;\">Welcome to our guesthouse and apartments Jarmilka, where the gateway to an unforgettable stay opens!<\/h3>\n<\/div><\/div><div class=\"w-separator size_small\"><\/div><div class=\"wpb_text_column\"><div class=\"wpb_wrapper\"><h5 style=\"text-align: center;\">We are proud to offer you comfortable and elegant accommodation that combines hospitality with modern comfort. Discover our unique rooms, great service and an atmosphere that will create a second home for you.<\/h5>\n<\/div><\/div><div class=\"w-separator size_small\"><\/div><div class=\"wpb_text_column\"><div class=\"wpb_wrapper\"><h5 style=\"text-align: center;\">Get ready for an adventure full of relaxation and let yourself be carried away by the comfort we have prepared for you.<\/h5>\n<\/div><\/div><\/div><\/div><\/div><\/div><\/section><section class=\"l-section wpb_row height_small\"><div class=\"l-section-h i-cf\"><div class=\"g-cols vc_row via_grid cols_2 laptops-cols_inherit tablets-cols_inherit mobiles-cols_1 valign_middle type_default stacking_default\"><div class=\"wpb_column vc_column_container\"><div class=\"vc_column-inner\"><h2 class=\"w-text\"><span class=\"w-text-h\"><span class=\"w-text-value\">Jewel in the Jizera Mountains<\/span><\/span><\/h2><div class=\"wpb_text_column\"><div class=\"wpb_wrapper\"><h5>The guesthouse is located in Bed\u0159ichov near Jablonec nad Nisou in the Jizera Mountains Protected Landscape Area. The guesthouse is easily accessible all year round by car and public transport from Liberec, Jablonec nad Nisou and Smr\u017eovka. It offers year-round accommodation for individuals and the whole family, accommodation for schools, groups or work teams.<\/h5>\n<\/div><\/div><\/div><\/div><div class=\"wpb_column vc_column_container\"><div class=\"vc_column-inner\"><div class=\"w-image align_none\"><div class=\"w-image-h\"><img loading=\"lazy\" decoding=\"async\" width=\"1024\" height=\"683\" src=\"https:\/\/www.chatajarmilka.cz\/wp-content\/uploads\/2024\/01\/DSCF7599-1024x683.jpg\" class=\"attachment-large size-large\" alt=\"\" srcset=\"https:\/\/www.chatajarmilka.cz\/wp-content\/uploads\/2024\/01\/DSCF7599-1024x683.jpg 1024w, https:\/\/www.chatajarmilka.cz\/wp-content\/uploads\/2024\/01\/DSCF7599-300x200.jpg 300w\" sizes=\"auto, (max-width: 1024px) 100vw, 1024px\" \/><\/div><\/div><\/div><\/div><\/div><\/div><\/section><section class=\"l-section wpb_row height_small\"><div class=\"l-section-h i-cf\"><div class=\"g-cols vc_row via_grid cols_2 laptops-cols_inherit tablets-cols_inherit mobiles-cols_1 valign_middle type_default reversed stacking_default\"><div class=\"wpb_column vc_column_container\"><div class=\"vc_column-inner\"><div class=\"w-image align_none\"><div class=\"w-image-h\"><img loading=\"lazy\" decoding=\"async\" width=\"1024\" height=\"683\" src=\"https:\/\/www.chatajarmilka.cz\/wp-content\/uploads\/2024\/01\/DSCF7596-1024x683.jpg\" class=\"attachment-large size-large\" alt=\"\" srcset=\"https:\/\/www.chatajarmilka.cz\/wp-content\/uploads\/2024\/01\/DSCF7596-1024x683.jpg 1024w, https:\/\/www.chatajarmilka.cz\/wp-content\/uploads\/2024\/01\/DSCF7596-300x200.jpg 300w\" sizes=\"auto, (max-width: 1024px) 100vw, 1024px\" \/><\/div><\/div><\/div><\/div><div class=\"wpb_column vc_column_container\"><div class=\"vc_column-inner\"><h2 class=\"w-text\"><span class=\"w-text-h\"><span class=\"w-text-value\">Well-being for the body and palate<\/span><\/span><\/h2><div class=\"wpb_text_column\"><div class=\"wpb_wrapper\"><h5>The newly renovated wellness centre offers relaxation and features a hot tub, Finnish sauna, showers and a relaxation room with sun loungers.<br \/>The pleasant restaurant with a summer terrace offers the most popular dishes of classic Czech home cooking, children&#8217;s, vegetarian and vegan dishes. We also prepare specialties on the grill or in our own smokehouse. We cook exclusively from fresh ingredients.<\/h5>\n<\/div><\/div><\/div><\/div><\/div><\/div><\/section><section class=\"l-section wpb_row height_small\"><div class=\"l-section-h i-cf\"><div class=\"g-cols vc_row via_grid cols_2 laptops-cols_inherit tablets-cols_inherit mobiles-cols_1 valign_middle type_default stacking_default\"><div class=\"wpb_column vc_column_container\"><div class=\"vc_column-inner\"><h2 class=\"w-text\"><span class=\"w-text-h\"><span class=\"w-text-value\">A paradise for all<\/span><\/span><\/h2><div class=\"wpb_text_column\"><div class=\"wpb_wrapper\"><h5>The guesthouse organizes wedding receptions, banquets, birthday parties, corporate events, meetings and trainings.<br \/>The surroundings of the Jarmilka guesthouse in Bed\u0159ichov offer countless opportunities for active and passive relaxation, sports activities, cultural activities and entertainment for children.<\/h5>\n<\/div><\/div><\/div><\/div><div class=\"wpb_column vc_column_container\"><div class=\"vc_column-inner\"><div class=\"w-image align_none\"><div class=\"w-image-h\"><img loading=\"lazy\" decoding=\"async\" width=\"1024\" height=\"1024\" src=\"https:\/\/www.chatajarmilka.cz\/wp-content\/uploads\/2025\/11\/IMG_1031-1024x1024.jpeg\" class=\"attachment-large size-large\" alt=\"\" srcset=\"https:\/\/www.chatajarmilka.cz\/wp-content\/uploads\/2025\/11\/IMG_1031-1024x1024.jpeg 1024w, https:\/\/www.chatajarmilka.cz\/wp-content\/uploads\/2025\/11\/IMG_1031-300x300.jpeg 300w, https:\/\/www.chatajarmilka.cz\/wp-content\/uploads\/2025\/11\/IMG_1031-150x150.jpeg 150w\" sizes=\"auto, (max-width: 1024px) 100vw, 1024px\" \/><\/div><\/div><\/div><\/div><\/div><\/div><\/section><section class=\"l-section wpb_row us_custom_aad1fbbd height_small\"><div class=\"l-section-h i-cf\"><div class=\"g-cols vc_row via_grid cols_1-4 laptops-cols_inherit tablets-cols_inherit mobiles-cols_1 valign_top type_default stacking_default\"><div class=\"wpb_column vc_column_container\"><div class=\"vc_column-inner\"><div class=\"w-hwrapper valign_top align_none\"><div class=\"w-image us_custom_2416bfe9 hide_on_tablets hide_on_mobiles align_none\"><div class=\"w-image-h\"><img loading=\"lazy\" decoding=\"async\" width=\"1024\" height=\"1024\" src=\"https:\/\/www.chatajarmilka.cz\/wp-content\/uploads\/2024\/01\/pen-icon.svg\" class=\"attachment-large size-large\" alt=\"\" \/><\/div><\/div><div class=\"wpb_text_column\"><div class=\"wpb_wrapper\"><h4>Write us<\/h4>\n<\/div><\/div><\/div><\/div><\/div><div class=\"wpb_column vc_column_container\"><div class=\"vc_column-inner\">\n<div class=\"wpcf7 no-js\" id=\"wpcf7-f8-o1\" lang=\"cs-CZ\" dir=\"ltr\" data-wpcf7-id=\"8\">\n<div class=\"screen-reader-response\"><p role=\"status\" aria-live=\"polite\" aria-atomic=\"true\"><\/p> <ul><\/ul><\/div>\n<form action=\"\/en\/wp-json\/wp\/v2\/pages\/657#wpcf7-f8-o1\" method=\"post\" class=\"wpcf7-form init\" aria-label=\"Kontaktn\u00ed formul\u00e1\u0159\" novalidate=\"novalidate\" data-status=\"init\">\n<fieldset class=\"hidden-fields-container\"><input type=\"hidden\" name=\"_wpcf7\" value=\"8\" \/><input type=\"hidden\" name=\"_wpcf7_version\" value=\"6.1.5\" \/><input type=\"hidden\" name=\"_wpcf7_locale\" value=\"cs_CZ\" \/><input type=\"hidden\" name=\"_wpcf7_unit_tag\" value=\"wpcf7-f8-o1\" \/><input type=\"hidden\" name=\"_wpcf7_container_post\" value=\"0\" \/><input type=\"hidden\" name=\"_wpcf7_posted_data_hash\" value=\"\" \/><input type=\"hidden\" name=\"_wpcf7_recaptcha_response\" value=\"\" \/>\n<\/fieldset>\n<div class=\"form-1\">\n\t<div class=\"row\">\n\t\t<div class=\"col-1\">\n\t\t\t<div class=\"col\">\n\t\t\t\t<div class=\"row\">\n\t\t\t\t\t<div class=\"col\">\n\t\t\t\t\t\t<p><span class=\"wpcf7-form-control-wrap\" data-name=\"jmeno\"><input size=\"40\" maxlength=\"400\" class=\"wpcf7-form-control wpcf7-text wpcf7-validates-as-required\" aria-required=\"true\" aria-invalid=\"false\" placeholder=\"Jm\u00e9no\" value=\"\" type=\"text\" name=\"jmeno\" \/><\/span>\n\t\t\t\t\t\t<\/p>\n\t\t\t\t\t<\/div>\n\t\t\t\t\t<div class=\"col\">\n\t\t\t\t\t\t<p><span class=\"wpcf7-form-control-wrap\" data-name=\"email\"><input size=\"40\" maxlength=\"400\" class=\"wpcf7-form-control wpcf7-email wpcf7-validates-as-required wpcf7-text wpcf7-validates-as-email\" aria-required=\"true\" aria-invalid=\"false\" placeholder=\"E-mail\" value=\"\" type=\"email\" name=\"email\" \/><\/span>\n\t\t\t\t\t\t<\/p>\n\t\t\t\t\t<\/div>\n\t\t\t\t<\/div>\n\t\t\t\t<div class=\"row\">\n\t\t\t\t\t<div class=\"col\">\n\t\t\t\t\t\t<p><span class=\"wpcf7-form-control-wrap\" data-name=\"zprava\"><textarea cols=\"40\" rows=\"10\" maxlength=\"2000\" class=\"wpcf7-form-control wpcf7-textarea wpcf7-validates-as-required\" aria-required=\"true\" aria-invalid=\"false\" placeholder=\"Zpr\u00e1va\" name=\"zprava\"><\/textarea><\/span>\n\t\t\t\t\t\t<\/p>\n\t\t\t\t\t<\/div>\n\t\t\t\t<\/div>\n\t\t\t<\/div>\n\t\t<\/div>\n\t\t<div class=\"col-2\">\n\t\t\t<div class=\"row-btn\">\n\t\t\t\t<p><input class=\"wpcf7-form-control wpcf7-submit has-spinner\" type=\"submit\" value=\"Odeslat\" \/>\n\t\t\t\t<\/p>\n\t\t\t<\/div>\n\t\t<\/div>\n\t<\/div>\n<\/div><div class=\"wpcf7-response-output\" aria-hidden=\"true\"><\/div>\n<\/form>\n<\/div>\n<\/div><\/div><\/div><\/div><\/section><section class=\"l-section wpb_row height_small\"><div class=\"l-section-h i-cf\"><div class=\"g-cols vc_row via_grid cols_1 laptops-cols_inherit tablets-cols_inherit mobiles-cols_1 valign_top type_default stacking_default\" style=\"--gap:1.3rem;\"><div class=\"wpb_column vc_column_container\"><div class=\"vc_column-inner\"><div class=\"w-grid us_custom_540e3371 type_grid layout_gallery_default cols_6\" id=\"us_grid_1\" style=\"--gap:0.5rem;\" data-filterable=\"true\"><style>@media (max-width:1380px){#us_grid_1 .w-grid-item{width:33.3333%}}@media (max-width:1024px){#us_grid_1 .w-grid-item{width:33.3333%}}@media (max-width:768px){#us_grid_1 .w-grid-item{width:33.3333%}}.layout_gallery_default .w-grid-item-h{}<\/style><div class=\"w-grid-list\">\t<article class=\"w-grid-item size_1x1 post-291 attachment type-attachment status-inherit hentry\" data-id=\"291\">\r\n\t\t<div class=\"w-grid-item-h\">\r\n\t\t\t\t\t\t<div class=\"w-post-elm post_image usg_post_image_1 stretched\"><img loading=\"lazy\" decoding=\"async\" width=\"150\" height=\"157\" src=\"https:\/\/www.chatajarmilka.cz\/wp-content\/uploads\/2024\/01\/penzionroku_2019_vitez_30_150_rgb.png\" class=\"attachment-large size-large\" alt=\"\" \/><\/div>\t\t<\/div>\r\n\t<\/article>\r\n\t<article class=\"w-grid-item size_1x1 post-301 attachment type-attachment status-inherit hentry\" data-id=\"301\">\r\n\t\t<div class=\"w-grid-item-h\">\r\n\t\t\t\t\t\t<div class=\"w-post-elm post_image usg_post_image_1 stretched\"><img loading=\"lazy\" decoding=\"async\" width=\"150\" height=\"157\" src=\"https:\/\/www.chatajarmilka.cz\/wp-content\/uploads\/2024\/01\/penzionroku_2019_liberecky_3_150.png\" class=\"attachment-large size-large\" alt=\"\" \/><\/div>\t\t<\/div>\r\n\t<\/article>\r\n\t<article class=\"w-grid-item size_1x1 post-297 attachment type-attachment status-inherit hentry\" data-id=\"297\">\r\n\t\t<div class=\"w-grid-item-h\">\r\n\t\t\t\t\t\t<div class=\"w-post-elm post_image usg_post_image_1 stretched\"><img loading=\"lazy\" decoding=\"async\" width=\"120\" height=\"125\" src=\"https:\/\/www.chatajarmilka.cz\/wp-content\/uploads\/2024\/01\/best_aktiv_120.png\" class=\"attachment-large size-large\" alt=\"\" \/><\/div>\t\t<\/div>\r\n\t<\/article>\r\n\t<article class=\"w-grid-item size_1x1 post-293 attachment type-attachment status-inherit hentry\" data-id=\"293\">\r\n\t\t<div class=\"w-grid-item-h\">\r\n\t\t\t\t\t\t<div class=\"w-post-elm post_image usg_post_image_1 stretched\"><img loading=\"lazy\" decoding=\"async\" width=\"120\" height=\"125\" src=\"https:\/\/www.chatajarmilka.cz\/wp-content\/uploads\/2024\/01\/top_25_120.png\" class=\"attachment-large size-large\" alt=\"\" \/><\/div>\t\t<\/div>\r\n\t<\/article>\r\n\t<article class=\"w-grid-item size_1x1 post-299 attachment type-attachment status-inherit hentry\" data-id=\"299\">\r\n\t\t<div class=\"w-grid-item-h\">\r\n\t\t\t\t\t\t<div class=\"w-post-elm post_image usg_post_image_1 stretched\"><img loading=\"lazy\" decoding=\"async\" width=\"120\" height=\"125\" src=\"https:\/\/www.chatajarmilka.cz\/wp-content\/uploads\/2024\/01\/liberecky_3_120.png\" class=\"attachment-large size-large\" alt=\"\" \/><\/div>\t\t<\/div>\r\n\t<\/article>\r\n\t<article class=\"w-grid-item size_1x1 post-295 attachment type-attachment status-inherit hentry\" data-id=\"295\">\r\n\t\t<div class=\"w-grid-item-h\">\r\n\t\t\t\t\t\t<div class=\"w-post-elm post_image usg_post_image_1 stretched\"><img loading=\"lazy\" decoding=\"async\" width=\"120\" height=\"125\" src=\"https:\/\/www.chatajarmilka.cz\/wp-content\/uploads\/2024\/01\/top_50_120.png\" class=\"attachment-large size-large\" alt=\"\" \/><\/div>\t\t<\/div>\r\n\t<\/article>\r\n<\/div><div class=\"w-grid-preloader\">\t<div class=\"g-preloader type_1\">\r\n\t\t<div><\/div>\r\n\t<\/div>\r\n\t<\/div>\t<div class=\"w-grid-json hidden\" onclick='return {&quot;action&quot;:&quot;us_ajax_grid&quot;,&quot;ajax_url&quot;:&quot;https:\\\/\\\/www.chatajarmilka.cz\\\/wp-admin\\\/admin-ajax.php&quot;,&quot;infinite_scroll&quot;:0,&quot;max_num_pages&quot;:1,&quot;pagination&quot;:&quot;none&quot;,&quot;template_vars&quot;:{&quot;columns&quot;:&quot;6&quot;,&quot;exclude_items&quot;:&quot;none&quot;,&quot;img_size&quot;:&quot;default&quot;,&quot;ignore_items_size&quot;:0,&quot;items_layout&quot;:&quot;gallery_default&quot;,&quot;items_offset&quot;:&quot;1&quot;,&quot;load_animation&quot;:&quot;none&quot;,&quot;overriding_link&quot;:&quot;{\\&quot;url\\&quot;:\\&quot;\\&quot;}&quot;,&quot;post_id&quot;:0,&quot;query_args&quot;:{&quot;post_type&quot;:[&quot;attachment&quot;],&quot;post__in&quot;:[&quot;31&quot;,&quot;36&quot;,&quot;34&quot;,&quot;32&quot;,&quot;35&quot;,&quot;33&quot;],&quot;post_status&quot;:&quot;inherit&quot;,&quot;post_mime_type&quot;:&quot;image&quot;,&quot;posts_per_page&quot;:&quot;6&quot;},&quot;orderby_query_args&quot;:{&quot;orderby&quot;:{&quot;post__in&quot;:&quot;ASC&quot;},&quot;order&quot;:&quot;ASC&quot;},&quot;type&quot;:&quot;grid&quot;,&quot;us_grid_ajax_index&quot;:1,&quot;us_grid_filter_params&quot;:[],&quot;us_grid_index&quot;:1,&quot;_us_grid_post_type&quot;:&quot;attachment&quot;,&quot;page_args&quot;:[],&quot;lang&quot;:&quot;en&quot;}}'><\/div>\r\n\t<\/div><\/div><\/div><\/div><\/div><\/section>\n","protected":false},"excerpt":{"rendered":"","protected":false},"author":1,"featured_media":0,"parent":0,"menu_order":0,"comment_status":"closed","ping_status":"closed","template":"","meta":{"footnotes":""},"class_list":["post-657","page","type-page","status-publish","hentry"],"_links":{"self":[{"href":"https:\/\/www.chatajarmilka.cz\/en\/wp-json\/wp\/v2\/pages\/657","targetHints":{"allow":["GET"]}}],"collection":[{"href":"https:\/\/www.chatajarmilka.cz\/en\/wp-json\/wp\/v2\/pages"}],"about":[{"href":"https:\/\/www.chatajarmilka.cz\/en\/wp-json\/wp\/v2\/types\/page"}],"author":[{"embeddable":true,"href":"https:\/\/www.chatajarmilka.cz\/en\/wp-json\/wp\/v2\/users\/1"}],"replies":[{"embeddable":true,"href":"https:\/\/www.chatajarmilka.cz\/en\/wp-json\/wp\/v2\/comments?post=657"}],"version-history":[{"count":4,"href":"https:\/\/www.chatajarmilka.cz\/en\/wp-json\/wp\/v2\/pages\/657\/revisions"}],"predecessor-version":[{"id":1222,"href":"https:\/\/www.chatajarmilka.cz\/en\/wp-json\/wp\/v2\/pages\/657\/revisions\/1222"}],"wp:attachment":[{"href":"https:\/\/www.chatajarmilka.cz\/en\/wp-json\/wp\/v2\/media?parent=657"}],"curies":[{"name":"wp","href":"https:\/\/api.w.org\/{rel}","templated":true}]}}