{"id":891,"date":"2024-04-28T12:50:51","date_gmt":"2024-04-28T10:50:51","guid":{"rendered":"https:\/\/www.chatajarmilka.cz\/?page_id=891"},"modified":"2024-04-28T13:33:35","modified_gmt":"2024-04-28T11:33:35","slug":"detska-herna","status":"publish","type":"page","link":"https:\/\/www.chatajarmilka.cz\/de\/detska-herna\/","title":{"rendered":"Spielzimmer Kinder"},"content":{"rendered":"<section class=\"l-section wpb_row height_small\"><div class=\"l-section-h i-cf\"><div class=\"g-cols vc_row via_grid cols_1 laptops-cols_inherit tablets-cols_inherit mobiles-cols_1 valign_top type_default stacking_default\"><div class=\"wpb_column vc_column_container\"><div class=\"vc_column-inner\"><h1 class=\"w-text us_custom_ff1b8349\"><span class=\"w-text-h\"><span class=\"w-text-value\">\ud83c\udf89\ud83e\udd73 Suchen Sie den perfekten Ort, um den Geburtstag Ihres Kindes zu feiern?<\/span><\/span><\/h1><div class=\"wpb_text_column\"><div class=\"wpb_wrapper\"><h4><span class=\"--l --r sentence_highlight\">Kommen Sie und feiern Sie in der Wellness Pension Jarmilka! <\/span><span class=\"--l --r sentence_highlight\">\ud83c\udf88\ud83c\udf70<\/span><\/h4>\n<\/div><\/div><div class=\"w-separator size_medium\"><\/div><div class=\"wpb_text_column\"><div class=\"wpb_wrapper\"><p><span class=\"--l --r sentence_highlight\">Wir haben alles, was Sie f\u00fcr ein unvergessliches Kinderfest brauchen. <\/span><span class=\"--l --r sentence_highlight\">Sie brauchen sich um nichts zu k\u00fcmmern, kommen Sie einfach und genie\u00dfen Sie die Freude und das Lachen Ihrer Kinder.<\/span><\/p>\n<ul style=\"list-style-type: none;\">\n<li>\u2728 Spielzimmer f\u00fcr Kinder &#8211; ein sicherer und lustiger Raum, in dem Kinder Spa\u00df haben k\u00f6nnen!<\/li>\n<li>\ud83c\udf4e <span class=\"--l --r hover:bg-&#091;#B4DAE8&#093; hover:dark:bg-blue-next-600\">Gesunde<\/span> <span class=\"--l --r hover:bg-&#091;#B4DAE8&#093; hover:dark:bg-blue-next-600\">und<\/span> <span class=\"--l --r hover:bg-&#091;#B4DAE8&#093; hover:dark:bg-blue-next-600\">leckere<\/span> <span class=\"--l --r hover:bg-&#091;#B4DAE8&#093; hover:dark:bg-blue-next-600\">Snacks<\/span> <span class=\"--l --r hover:bg-&#091;#B4DAE8&#093; hover:dark:bg-blue-next-600\">&#8211;<\/span> <span class=\"--l --r hover:bg-&#091;#B4DAE8&#093; hover:dark:bg-blue-next-600\">damit<\/span> <span class=\"--l --r hover:bg-&#091;#B4DAE8&#093; hover:dark:bg-blue-next-600\">die<\/span> <span class=\"--l --r hover:bg-&#091;#B4DAE8&#093; hover:dark:bg-blue-next-600\">Batterien<\/span> <span class=\"--l --r hover:bg-&#091;#B4DAE8&#093; hover:dark:bg-blue-next-600\">voll<\/span> <span class=\"--l --r hover:bg-&#091;#B4DAE8&#093; hover:dark:bg-blue-next-600\">bleiben<\/span><span class=\"--l --r hover:bg-&#091;#B4DAE8&#093; hover:dark:bg-blue-next-600\">!<\/span><\/li>\n<li>\ud83d\udcf8 <span class=\"--l --r hover:bg-&#091;#B4DAE8&#093; hover:dark:bg-blue-next-600\">Fotoecke<\/span> <span class=\"--l --r hover:bg-&#091;#B4DAE8&#093; hover:dark:bg-blue-next-600\">&#8211;<\/span> <span class=\"--l --r hover:bg-&#091;#B4DAE8&#093; hover:dark:bg-blue-next-600\">halten<\/span> <span class=\"--l --r hover:bg-&#091;#B4DAE8&#093; hover:dark:bg-blue-next-600\">Sie<\/span> <span class=\"--l --r hover:bg-&#091;#B4DAE8&#093; hover:dark:bg-blue-next-600\">die<\/span> <span class=\"--l --r hover:bg-&#091;#B4DAE8&#093; hover:dark:bg-blue-next-600\">sch\u00f6nsten<\/span> <span class=\"--l --r hover:bg-&#091;#B4DAE8&#093; hover:dark:bg-blue-next-600\">Momente<\/span> <span class=\"--l --r hover:bg-&#091;#B4DAE8&#093; hover:dark:bg-blue-next-600\">mit<\/span> <span class=\"--l --r hover:bg-&#091;#B4DAE8&#093; hover:dark:bg-blue-next-600\">unserem<\/span> <span class=\"--l --r hover:bg-&#091;#B4DAE8&#093; hover:dark:bg-blue-next-600\">stilvollen<\/span> <span class=\"--l --r hover:bg-&#091;#B4DAE8&#093; hover:dark:bg-blue-next-600\">Dekor<\/span> <span class=\"--l --r hover:bg-&#091;#B4DAE8&#093; hover:dark:bg-blue-next-600\">fest<\/span><span class=\"--l --r hover:bg-&#091;#B4DAE8&#093; hover:dark:bg-blue-next-600\">!<\/span><\/li>\n<li>\ud83c\udfad Animateur &#8211; Spa\u00df und Lachen mit einem professionellen Animateur, der jede Party in Schwung bringt!<\/li>\n<li>\ud83c\udf82 <span class=\"--l --r hover:bg-&#091;#B4DAE8&#093; hover:dark:bg-blue-next-600\">Personalisierte<\/span> <span class=\"--l --r hover:bg-&#091;#B4DAE8&#093; hover:dark:bg-blue-next-600\">Torte<\/span> <span class=\"--l --r hover:bg-&#091;#B4DAE8&#093; hover:dark:bg-blue-next-600\">&#8211;<\/span> <span class=\"--l --r hover:bg-&#091;#B4DAE8&#093; hover:dark:bg-blue-next-600\">das<\/span> <span class=\"--l --r hover:bg-&#091;#B4DAE8&#093; hover:dark:bg-blue-next-600\">i<\/span><span class=\"--l --r hover:bg-&#091;#B4DAE8&#093; hover:dark:bg-blue-next-600\">&#8211;<\/span><span class=\"--l --r hover:bg-&#091;#B4DAE8&#093; hover:dark:bg-blue-next-600\">T\u00fcpfelchen<\/span> <span class=\"--l --r hover:bg-&#091;#B4DAE8&#093; hover:dark:bg-blue-next-600\">am<\/span> <span class=\"--l --r hover:bg-&#091;#B4DAE8&#093; hover:dark:bg-blue-next-600\">Ende<\/span> <span class=\"--l --r hover:bg-&#091;#B4DAE8&#093; hover:dark:bg-blue-next-600\">eines<\/span> <span class=\"--l --r hover:bg-&#091;#B4DAE8&#093; hover:dark:bg-blue-next-600\">besonderen<\/span> <span class=\"--l --r hover:bg-&#091;#B4DAE8&#093; hover:dark:bg-blue-next-600\">Tages<\/span><span class=\"--l --r hover:bg-&#091;#B4DAE8&#093; hover:dark:bg-blue-next-600\">!<\/span><\/li>\n<\/ul>\n<\/div><\/div><div class=\"w-separator size_medium\"><\/div><div class=\"wpb_text_column\"><div class=\"wpb_wrapper\"><p>\ud83c\udf1f <span class=\"--l --r hover:bg-&#091;#B4DAE8&#093; hover:dark:bg-blue-next-600\">Buchen<\/span> <span class=\"--l --r hover:bg-&#091;#B4DAE8&#093; hover:dark:bg-blue-next-600\">Sie<\/span> <span class=\"--l --r hover:bg-&#091;#B4DAE8&#093; hover:dark:bg-blue-next-600\">Ihre<\/span> <span class=\"--l --r hover:bg-&#091;#B4DAE8&#093; hover:dark:bg-blue-next-600\">Feier<\/span> <span class=\"--l --r hover:bg-&#091;#B4DAE8&#093; hover:dark:bg-blue-next-600\">bei<\/span> <span class=\"--l --r hover:bg-&#091;#B4DAE8&#093; hover:dark:bg-blue-next-600\">uns<\/span> <span class=\"--l --r hover:bg-&#091;#B4DAE8&#093; hover:dark:bg-blue-next-600\">und<\/span> <span class=\"--l --r hover:bg-&#091;#B4DAE8&#093; hover:dark:bg-blue-next-600\">machen<\/span> <span class=\"--l --r hover:bg-&#091;#B4DAE8&#093; hover:dark:bg-blue-next-600\">Sie<\/span> <span class=\"--l --r hover:bg-&#091;#B4DAE8&#093; hover:dark:bg-blue-next-600\">Ihren<\/span> <span class=\"--l --r hover:bg-&#091;#B4DAE8&#093; hover:dark:bg-blue-next-600\">Geburtstag<\/span> <span class=\"--l --r hover:bg-&#091;#B4DAE8&#093; hover:dark:bg-blue-next-600\">zu<\/span> <span class=\"--l --r hover:bg-&#091;#B4DAE8&#093; hover:dark:bg-blue-next-600\">einem<\/span> <span class=\"--l --r hover:bg-&#091;#B4DAE8&#093; hover:dark:bg-blue-next-600\">unvergesslichen<\/span> <span class=\"--l --r hover:bg-&#091;#B4DAE8&#093; hover:dark:bg-blue-next-600\">Erlebnis<\/span><span class=\"--l --r hover:bg-&#091;#B4DAE8&#093; hover:dark:bg-blue-next-600\">!<\/span> <a href=\"https:\/\/www.chatajarmilka.cz\/de\/kontakt\/\">Kontaktieren Sie uns noch heute<\/a>.<\/p>\n<\/div><\/div><div class=\"w-separator size_medium\"><\/div><div class=\"w-gallery type_metro_4 action_popup_image ratio_1x1 count_7\" style=\"--columns:4;--items-gap:5px;\"><div class=\"w-gallery-list\"><div class=\"w-gallery-item\"><div class=\"w-gallery-item-img\"><img loading=\"lazy\" decoding=\"async\" width=\"1024\" height=\"683\" src=\"https:\/\/www.chatajarmilka.cz\/wp-content\/uploads\/2024\/04\/DSCF7612.jpg\" class=\"attachment-full size-full\" alt=\"\" srcset=\"https:\/\/www.chatajarmilka.cz\/wp-content\/uploads\/2024\/04\/DSCF7612.jpg 1024w, https:\/\/www.chatajarmilka.cz\/wp-content\/uploads\/2024\/04\/DSCF7612-300x200.jpg 300w\" sizes=\"auto, (max-width: 1024px) 100vw, 1024px\" \/><\/div><a class=\"w-gallery-item-link\" aria-label=\"DSCF7612\" href=\"https:\/\/www.chatajarmilka.cz\/wp-content\/uploads\/2024\/04\/DSCF7612.jpg\"><\/a><\/div><div class=\"w-gallery-item\"><div class=\"w-gallery-item-img\"><img loading=\"lazy\" decoding=\"async\" width=\"1024\" height=\"683\" src=\"https:\/\/www.chatajarmilka.cz\/wp-content\/uploads\/2024\/04\/DSCF7615.jpg\" class=\"attachment-full size-full\" alt=\"\" srcset=\"https:\/\/www.chatajarmilka.cz\/wp-content\/uploads\/2024\/04\/DSCF7615.jpg 1024w, https:\/\/www.chatajarmilka.cz\/wp-content\/uploads\/2024\/04\/DSCF7615-300x200.jpg 300w\" sizes=\"auto, (max-width: 1024px) 100vw, 1024px\" \/><\/div><a class=\"w-gallery-item-link\" aria-label=\"DSCF7615\" href=\"https:\/\/www.chatajarmilka.cz\/wp-content\/uploads\/2024\/04\/DSCF7615.jpg\"><\/a><\/div><div class=\"w-gallery-item\"><div class=\"w-gallery-item-img\"><img loading=\"lazy\" decoding=\"async\" width=\"1024\" height=\"683\" src=\"https:\/\/www.chatajarmilka.cz\/wp-content\/uploads\/2024\/04\/DSCF7617.jpg\" class=\"attachment-full size-full\" alt=\"\" srcset=\"https:\/\/www.chatajarmilka.cz\/wp-content\/uploads\/2024\/04\/DSCF7617.jpg 1024w, https:\/\/www.chatajarmilka.cz\/wp-content\/uploads\/2024\/04\/DSCF7617-300x200.jpg 300w\" sizes=\"auto, (max-width: 1024px) 100vw, 1024px\" \/><\/div><a class=\"w-gallery-item-link\" aria-label=\"DSCF7617\" href=\"https:\/\/www.chatajarmilka.cz\/wp-content\/uploads\/2024\/04\/DSCF7617.jpg\"><\/a><\/div><div class=\"w-gallery-item\"><div class=\"w-gallery-item-img\"><img loading=\"lazy\" decoding=\"async\" width=\"1024\" height=\"683\" src=\"https:\/\/www.chatajarmilka.cz\/wp-content\/uploads\/2024\/04\/DSCF7620.jpg\" class=\"attachment-full size-full\" alt=\"\" srcset=\"https:\/\/www.chatajarmilka.cz\/wp-content\/uploads\/2024\/04\/DSCF7620.jpg 1024w, https:\/\/www.chatajarmilka.cz\/wp-content\/uploads\/2024\/04\/DSCF7620-300x200.jpg 300w\" sizes=\"auto, (max-width: 1024px) 100vw, 1024px\" \/><\/div><a class=\"w-gallery-item-link\" aria-label=\"DSCF7620\" href=\"https:\/\/www.chatajarmilka.cz\/wp-content\/uploads\/2024\/04\/DSCF7620.jpg\"><\/a><\/div><div class=\"w-gallery-item\"><div class=\"w-gallery-item-img\"><img loading=\"lazy\" decoding=\"async\" width=\"1440\" height=\"1920\" src=\"https:\/\/www.chatajarmilka.cz\/wp-content\/uploads\/2024\/04\/IMG_20240330_124305.jpg\" class=\"attachment-full size-full\" alt=\"\" srcset=\"https:\/\/www.chatajarmilka.cz\/wp-content\/uploads\/2024\/04\/IMG_20240330_124305.jpg 1440w, https:\/\/www.chatajarmilka.cz\/wp-content\/uploads\/2024\/04\/IMG_20240330_124305-225x300.jpg 225w, https:\/\/www.chatajarmilka.cz\/wp-content\/uploads\/2024\/04\/IMG_20240330_124305-768x1024.jpg 768w\" sizes=\"auto, (max-width: 1440px) 100vw, 1440px\" \/><\/div><a class=\"w-gallery-item-link\" aria-label=\"IMG_20240330_124305\" href=\"https:\/\/www.chatajarmilka.cz\/wp-content\/uploads\/2024\/04\/IMG_20240330_124305.jpg\"><\/a><\/div><div class=\"w-gallery-item\"><div class=\"w-gallery-item-img\"><img loading=\"lazy\" decoding=\"async\" width=\"1440\" height=\"1920\" src=\"https:\/\/www.chatajarmilka.cz\/wp-content\/uploads\/2024\/04\/IMG_20240330_124323.jpg\" class=\"attachment-full size-full\" alt=\"\" srcset=\"https:\/\/www.chatajarmilka.cz\/wp-content\/uploads\/2024\/04\/IMG_20240330_124323.jpg 1440w, https:\/\/www.chatajarmilka.cz\/wp-content\/uploads\/2024\/04\/IMG_20240330_124323-225x300.jpg 225w, https:\/\/www.chatajarmilka.cz\/wp-content\/uploads\/2024\/04\/IMG_20240330_124323-768x1024.jpg 768w\" sizes=\"auto, (max-width: 1440px) 100vw, 1440px\" \/><\/div><a class=\"w-gallery-item-link\" aria-label=\"IMG_20240330_124323\" href=\"https:\/\/www.chatajarmilka.cz\/wp-content\/uploads\/2024\/04\/IMG_20240330_124323.jpg\"><\/a><\/div><div class=\"w-gallery-item\"><div class=\"w-gallery-item-img\"><img loading=\"lazy\" decoding=\"async\" width=\"1440\" height=\"1920\" src=\"https:\/\/www.chatajarmilka.cz\/wp-content\/uploads\/2024\/04\/IMG_20240330_124353.jpg\" class=\"attachment-full size-full\" alt=\"\" srcset=\"https:\/\/www.chatajarmilka.cz\/wp-content\/uploads\/2024\/04\/IMG_20240330_124353.jpg 1440w, https:\/\/www.chatajarmilka.cz\/wp-content\/uploads\/2024\/04\/IMG_20240330_124353-225x300.jpg 225w, https:\/\/www.chatajarmilka.cz\/wp-content\/uploads\/2024\/04\/IMG_20240330_124353-768x1024.jpg 768w\" sizes=\"auto, (max-width: 1440px) 100vw, 1440px\" \/><\/div><a class=\"w-gallery-item-link\" aria-label=\"IMG_20240330_124353\" href=\"https:\/\/www.chatajarmilka.cz\/wp-content\/uploads\/2024\/04\/IMG_20240330_124353.jpg\"><\/a><\/div><\/div><\/div><div class=\"w-separator size_medium\"><\/div><div class=\"w-gallery type_mosaic_hor action_popup_image ratio_1x1 count_7\" style=\"--columns:4;--items-gap:5px;--items-height:350px;\"><div class=\"w-gallery-list\"><div class=\"w-gallery-item\"><div class=\"w-gallery-item-img\"><img loading=\"lazy\" decoding=\"async\" width=\"1920\" height=\"1440\" src=\"https:\/\/www.chatajarmilka.cz\/wp-content\/uploads\/2024\/04\/IMG_20240330_130530.jpg\" class=\"attachment-full size-full\" alt=\"\" srcset=\"https:\/\/www.chatajarmilka.cz\/wp-content\/uploads\/2024\/04\/IMG_20240330_130530.jpg 1920w, https:\/\/www.chatajarmilka.cz\/wp-content\/uploads\/2024\/04\/IMG_20240330_130530-300x225.jpg 300w, https:\/\/www.chatajarmilka.cz\/wp-content\/uploads\/2024\/04\/IMG_20240330_130530-1024x768.jpg 1024w\" sizes=\"auto, (max-width: 1920px) 100vw, 1920px\" \/><\/div><a class=\"w-gallery-item-link\" aria-label=\"IMG_20240330_130530\" href=\"https:\/\/www.chatajarmilka.cz\/wp-content\/uploads\/2024\/04\/IMG_20240330_130530.jpg\"><\/a><\/div><div class=\"w-gallery-item\"><div class=\"w-gallery-item-img\"><img loading=\"lazy\" decoding=\"async\" width=\"1440\" height=\"1920\" src=\"https:\/\/www.chatajarmilka.cz\/wp-content\/uploads\/2024\/04\/IMG_20240330_130547.jpg\" class=\"attachment-full size-full\" alt=\"\" srcset=\"https:\/\/www.chatajarmilka.cz\/wp-content\/uploads\/2024\/04\/IMG_20240330_130547.jpg 1440w, https:\/\/www.chatajarmilka.cz\/wp-content\/uploads\/2024\/04\/IMG_20240330_130547-225x300.jpg 225w, https:\/\/www.chatajarmilka.cz\/wp-content\/uploads\/2024\/04\/IMG_20240330_130547-768x1024.jpg 768w\" sizes=\"auto, (max-width: 1440px) 100vw, 1440px\" \/><\/div><a class=\"w-gallery-item-link\" aria-label=\"IMG_20240330_130547\" href=\"https:\/\/www.chatajarmilka.cz\/wp-content\/uploads\/2024\/04\/IMG_20240330_130547.jpg\"><\/a><\/div><div class=\"w-gallery-item\"><div class=\"w-gallery-item-img\"><img loading=\"lazy\" decoding=\"async\" width=\"1920\" height=\"1440\" src=\"https:\/\/www.chatajarmilka.cz\/wp-content\/uploads\/2024\/04\/IMG_20240330_143148.jpg\" class=\"attachment-full size-full\" alt=\"\" srcset=\"https:\/\/www.chatajarmilka.cz\/wp-content\/uploads\/2024\/04\/IMG_20240330_143148.jpg 1920w, https:\/\/www.chatajarmilka.cz\/wp-content\/uploads\/2024\/04\/IMG_20240330_143148-300x225.jpg 300w, https:\/\/www.chatajarmilka.cz\/wp-content\/uploads\/2024\/04\/IMG_20240330_143148-1024x768.jpg 1024w\" sizes=\"auto, (max-width: 1920px) 100vw, 1920px\" \/><\/div><a class=\"w-gallery-item-link\" aria-label=\"IMG_20240330_143148\" href=\"https:\/\/www.chatajarmilka.cz\/wp-content\/uploads\/2024\/04\/IMG_20240330_143148.jpg\"><\/a><\/div><div class=\"w-gallery-item\"><div class=\"w-gallery-item-img\"><img loading=\"lazy\" decoding=\"async\" width=\"1440\" height=\"1920\" src=\"https:\/\/www.chatajarmilka.cz\/wp-content\/uploads\/2024\/04\/IMG_20240330_143157.jpg\" class=\"attachment-full size-full\" alt=\"\" srcset=\"https:\/\/www.chatajarmilka.cz\/wp-content\/uploads\/2024\/04\/IMG_20240330_143157.jpg 1440w, https:\/\/www.chatajarmilka.cz\/wp-content\/uploads\/2024\/04\/IMG_20240330_143157-225x300.jpg 225w, https:\/\/www.chatajarmilka.cz\/wp-content\/uploads\/2024\/04\/IMG_20240330_143157-768x1024.jpg 768w\" sizes=\"auto, (max-width: 1440px) 100vw, 1440px\" \/><\/div><a class=\"w-gallery-item-link\" aria-label=\"IMG_20240330_143157\" href=\"https:\/\/www.chatajarmilka.cz\/wp-content\/uploads\/2024\/04\/IMG_20240330_143157.jpg\"><\/a><\/div><div class=\"w-gallery-item\"><div class=\"w-gallery-item-img\"><img loading=\"lazy\" decoding=\"async\" width=\"1440\" height=\"1920\" src=\"https:\/\/www.chatajarmilka.cz\/wp-content\/uploads\/2024\/04\/IMG_20240330_143206.jpg\" class=\"attachment-full size-full\" alt=\"\" srcset=\"https:\/\/www.chatajarmilka.cz\/wp-content\/uploads\/2024\/04\/IMG_20240330_143206.jpg 1440w, https:\/\/www.chatajarmilka.cz\/wp-content\/uploads\/2024\/04\/IMG_20240330_143206-225x300.jpg 225w, https:\/\/www.chatajarmilka.cz\/wp-content\/uploads\/2024\/04\/IMG_20240330_143206-768x1024.jpg 768w\" sizes=\"auto, (max-width: 1440px) 100vw, 1440px\" \/><\/div><a class=\"w-gallery-item-link\" aria-label=\"IMG_20240330_143206\" href=\"https:\/\/www.chatajarmilka.cz\/wp-content\/uploads\/2024\/04\/IMG_20240330_143206.jpg\"><\/a><\/div><div class=\"w-gallery-item\"><div class=\"w-gallery-item-img\"><img loading=\"lazy\" decoding=\"async\" width=\"1440\" height=\"1920\" src=\"https:\/\/www.chatajarmilka.cz\/wp-content\/uploads\/2024\/04\/IMG_20240330_143209.jpg\" class=\"attachment-full size-full\" alt=\"\" srcset=\"https:\/\/www.chatajarmilka.cz\/wp-content\/uploads\/2024\/04\/IMG_20240330_143209.jpg 1440w, https:\/\/www.chatajarmilka.cz\/wp-content\/uploads\/2024\/04\/IMG_20240330_143209-225x300.jpg 225w, https:\/\/www.chatajarmilka.cz\/wp-content\/uploads\/2024\/04\/IMG_20240330_143209-768x1024.jpg 768w\" sizes=\"auto, (max-width: 1440px) 100vw, 1440px\" \/><\/div><a class=\"w-gallery-item-link\" aria-label=\"IMG_20240330_143209\" href=\"https:\/\/www.chatajarmilka.cz\/wp-content\/uploads\/2024\/04\/IMG_20240330_143209.jpg\"><\/a><\/div><div class=\"w-gallery-item\"><div class=\"w-gallery-item-img\"><img loading=\"lazy\" decoding=\"async\" width=\"1440\" height=\"1920\" src=\"https:\/\/www.chatajarmilka.cz\/wp-content\/uploads\/2024\/04\/IMG_20240330_143214.jpg\" class=\"attachment-full size-full\" alt=\"\" srcset=\"https:\/\/www.chatajarmilka.cz\/wp-content\/uploads\/2024\/04\/IMG_20240330_143214.jpg 1440w, https:\/\/www.chatajarmilka.cz\/wp-content\/uploads\/2024\/04\/IMG_20240330_143214-225x300.jpg 225w, https:\/\/www.chatajarmilka.cz\/wp-content\/uploads\/2024\/04\/IMG_20240330_143214-768x1024.jpg 768w\" sizes=\"auto, (max-width: 1440px) 100vw, 1440px\" \/><\/div><a class=\"w-gallery-item-link\" aria-label=\"IMG_20240330_143214\" href=\"https:\/\/www.chatajarmilka.cz\/wp-content\/uploads\/2024\/04\/IMG_20240330_143214.jpg\"><\/a><\/div><\/div><\/div><\/div><\/div><\/div><\/div><\/section>\n","protected":false},"excerpt":{"rendered":"","protected":false},"author":1,"featured_media":0,"parent":0,"menu_order":0,"comment_status":"closed","ping_status":"closed","template":"","meta":{"footnotes":""},"class_list":["post-891","page","type-page","status-publish","hentry"],"_links":{"self":[{"href":"https:\/\/www.chatajarmilka.cz\/de\/wp-json\/wp\/v2\/pages\/891","targetHints":{"allow":["GET"]}}],"collection":[{"href":"https:\/\/www.chatajarmilka.cz\/de\/wp-json\/wp\/v2\/pages"}],"about":[{"href":"https:\/\/www.chatajarmilka.cz\/de\/wp-json\/wp\/v2\/types\/page"}],"author":[{"embeddable":true,"href":"https:\/\/www.chatajarmilka.cz\/de\/wp-json\/wp\/v2\/users\/1"}],"replies":[{"embeddable":true,"href":"https:\/\/www.chatajarmilka.cz\/de\/wp-json\/wp\/v2\/comments?post=891"}],"version-history":[{"count":3,"href":"https:\/\/www.chatajarmilka.cz\/de\/wp-json\/wp\/v2\/pages\/891\/revisions"}],"predecessor-version":[{"id":897,"href":"https:\/\/www.chatajarmilka.cz\/de\/wp-json\/wp\/v2\/pages\/891\/revisions\/897"}],"wp:attachment":[{"href":"https:\/\/www.chatajarmilka.cz\/de\/wp-json\/wp\/v2\/media?parent=891"}],"curies":[{"name":"wp","href":"https:\/\/api.w.org\/{rel}","templated":true}]}}