{"id":731,"date":"2024-03-13T17:24:11","date_gmt":"2024-03-13T16:24:11","guid":{"rendered":"https:\/\/www.chatajarmilka.cz\/?page_id=731"},"modified":"2025-12-01T12:25:47","modified_gmt":"2025-12-01T11:25:47","slug":"masaze","status":"publish","type":"page","link":"https:\/\/www.chatajarmilka.cz\/de\/masaze\/","title":{"rendered":"Mas\u00e1\u017ee"},"content":{"rendered":"<section class=\"l-section wpb_row height_small\"><div class=\"l-section-h i-cf\"><div class=\"g-cols vc_row via_grid cols_1 laptops-cols_inherit tablets-cols_inherit mobiles-cols_1 valign_top type_default stacking_default\"><div class=\"wpb_column vc_column_container\"><div class=\"vc_column-inner\"><div class=\"wpb_text_column\"><div class=\"wpb_wrapper\"><h2>Nechte se rozmazlovat aroma mas\u00e1\u017e\u00ed, \u010di mas\u00e1\u017e\u00ed l\u00e1vov\u00fdmi kameny.<\/h2>\n<p style=\"text-align: center;\">Mas\u00e1\u017ee je nutn\u00e9 domluvit p\u0159edem.<\/p>\n<p style=\"text-align: center;\">Cen\u00edk:<\/p>\n<p style=\"text-align: center;\">Relaxa\u010dn\u00ed, Sportovn\u00ed &#8211; kombinovan\u00e1 30 &#8211; 60 minut<\/p>\n<p style=\"text-align: center;\">Medov\u00e1 30 minut<\/p>\n<p style=\"text-align: center;\">Aroma mas\u00e1\u017e 60 minut<\/p>\n<p style=\"text-align: center;\">Breussova m. p\u00e1te\u0159e 30 minut<\/p>\n<p style=\"text-align: center;\">Havajsk\u00e1 Lomi-Lomi 60 minut<\/p>\n<p style=\"text-align: center;\">Indick\u00e1 mas\u00e1\u017e hlavy 30 minut<\/p>\n<p style=\"text-align: center;\">Antimigren\u00f3zn\u00ed mas\u00e1\u017e 30 minut<\/p>\n<p style=\"text-align: center;\">Anticelulit\u00eddov\u00e1 \/ Lymfatick\u00e1 mas\u00e1\u017e nohou 60 minut<\/p>\n<p style=\"text-align: center;\">30 minut 800 czk<\/p>\n<p style=\"text-align: center;\">45 minut 1.000 czk<\/p>\n<p style=\"text-align: center;\">60 minut 1.250 czk<\/p>\n<p style=\"text-align: center;\">Sportovn\u00ed + Triggerpoint 30 &#8211; 60 minut Maderoterapie, L\u00e1vov\u00e9 kameny 1.350 czk<\/p>\n<p style=\"text-align: center;\"><img loading=\"lazy\" decoding=\"async\" class=\"alignnone size-medium wp-image-1235\" src=\"https:\/\/www.chatajarmilka.cz\/wp-content\/uploads\/2025\/12\/IMG_1490-243x300.jpeg\" alt=\"\" width=\"243\" height=\"300\" srcset=\"https:\/\/www.chatajarmilka.cz\/wp-content\/uploads\/2025\/12\/IMG_1490-243x300.jpeg 243w, https:\/\/www.chatajarmilka.cz\/wp-content\/uploads\/2025\/12\/IMG_1490-831x1024.jpeg 831w\" sizes=\"auto, (max-width: 243px) 100vw, 243px\" \/> <img loading=\"lazy\" decoding=\"async\" class=\"alignnone size-medium wp-image-1238\" src=\"https:\/\/www.chatajarmilka.cz\/wp-content\/uploads\/2025\/12\/IMG_1494-225x300.jpeg\" alt=\"\" width=\"225\" height=\"300\" srcset=\"https:\/\/www.chatajarmilka.cz\/wp-content\/uploads\/2025\/12\/IMG_1494-225x300.jpeg 225w, https:\/\/www.chatajarmilka.cz\/wp-content\/uploads\/2025\/12\/IMG_1494-768x1024.jpeg 768w, https:\/\/www.chatajarmilka.cz\/wp-content\/uploads\/2025\/12\/IMG_1494-scaled.jpeg 1920w\" sizes=\"auto, (max-width: 225px) 100vw, 225px\" \/> <img loading=\"lazy\" decoding=\"async\" class=\"alignnone size-medium wp-image-1241\" src=\"https:\/\/www.chatajarmilka.cz\/wp-content\/uploads\/2025\/12\/IMG_1492-225x300.jpeg\" alt=\"\" width=\"225\" height=\"300\" srcset=\"https:\/\/www.chatajarmilka.cz\/wp-content\/uploads\/2025\/12\/IMG_1492-225x300.jpeg 225w, https:\/\/www.chatajarmilka.cz\/wp-content\/uploads\/2025\/12\/IMG_1492-768x1024.jpeg 768w, https:\/\/www.chatajarmilka.cz\/wp-content\/uploads\/2025\/12\/IMG_1492-scaled.jpeg 1920w\" sizes=\"auto, (max-width: 225px) 100vw, 225px\" \/> <img loading=\"lazy\" decoding=\"async\" class=\"alignnone size-medium wp-image-1244\" src=\"https:\/\/www.chatajarmilka.cz\/wp-content\/uploads\/2025\/12\/IMG_1487-1-238x300.jpeg\" alt=\"\" width=\"238\" height=\"300\" srcset=\"https:\/\/www.chatajarmilka.cz\/wp-content\/uploads\/2025\/12\/IMG_1487-1-238x300.jpeg 238w, https:\/\/www.chatajarmilka.cz\/wp-content\/uploads\/2025\/12\/IMG_1487-1-811x1024.jpeg 811w, https:\/\/www.chatajarmilka.cz\/wp-content\/uploads\/2025\/12\/IMG_1487-1-scaled.jpeg 2027w\" sizes=\"auto, (max-width: 238px) 100vw, 238px\" \/><\/p>\n<\/div><\/div><\/div><\/div><\/div><\/div><\/section>\n","protected":false},"excerpt":{"rendered":"","protected":false},"author":2,"featured_media":0,"parent":0,"menu_order":0,"comment_status":"closed","ping_status":"closed","template":"","meta":{"footnotes":""},"class_list":["post-731","page","type-page","status-publish","hentry"],"_links":{"self":[{"href":"https:\/\/www.chatajarmilka.cz\/de\/wp-json\/wp\/v2\/pages\/731","targetHints":{"allow":["GET"]}}],"collection":[{"href":"https:\/\/www.chatajarmilka.cz\/de\/wp-json\/wp\/v2\/pages"}],"about":[{"href":"https:\/\/www.chatajarmilka.cz\/de\/wp-json\/wp\/v2\/types\/page"}],"author":[{"embeddable":true,"href":"https:\/\/www.chatajarmilka.cz\/de\/wp-json\/wp\/v2\/users\/2"}],"replies":[{"embeddable":true,"href":"https:\/\/www.chatajarmilka.cz\/de\/wp-json\/wp\/v2\/comments?post=731"}],"version-history":[{"count":8,"href":"https:\/\/www.chatajarmilka.cz\/de\/wp-json\/wp\/v2\/pages\/731\/revisions"}],"predecessor-version":[{"id":1247,"href":"https:\/\/www.chatajarmilka.cz\/de\/wp-json\/wp\/v2\/pages\/731\/revisions\/1247"}],"wp:attachment":[{"href":"https:\/\/www.chatajarmilka.cz\/de\/wp-json\/wp\/v2\/media?parent=731"}],"curies":[{"name":"wp","href":"https:\/\/api.w.org\/{rel}","templated":true}]}}