{"id":719,"date":"2024-01-09T18:39:43","date_gmt":"2024-01-09T17:39:43","guid":{"rendered":"https:\/\/www.chatajarmilka.cz\/?page_id=719"},"modified":"2024-04-28T13:11:54","modified_gmt":"2024-04-28T11:11:54","slug":"unterkunft-und-umgebung","status":"publish","type":"page","link":"https:\/\/www.chatajarmilka.cz\/de\/unterkunft-und-umgebung\/","title":{"rendered":"Unterkunft und Umgebung"},"content":{"rendered":"<section class=\"l-section wpb_row height_small\"><div class=\"l-section-h i-cf\"><div class=\"g-cols vc_row via_grid cols_1 laptops-cols_inherit tablets-cols_inherit mobiles-cols_1 valign_top type_default stacking_default\"><div class=\"wpb_column vc_column_container\"><div class=\"vc_column-inner\"><h1 class=\"w-text\"><span class=\"w-text-h\"><span class=\"w-text-value\">Die Umgebung von Bed\u0159ichov im Isergebirge<\/span><\/span><\/h1><div class=\"wpb_text_column\"><div class=\"wpb_wrapper\"><h5>Das G\u00e4stehaus befindet sich in Bed\u0159ichov im Landschaftsschutzgebiet Isergebirge. Die Pension ist das ganze Jahr \u00fcber mit dem Auto und mit \u00f6ffentlichen Verkehrsmitteln auf den Stra\u00dfen in Richtung Liberec, Jablonec nad Nisou und Smr\u017eovka leicht erreichbar.<\/h5>\n<\/div><\/div><\/div><\/div><\/div><\/div><\/section><section class=\"l-section wpb_row height_small\"><div class=\"l-section-h i-cf\"><div class=\"g-cols vc_row via_grid cols_1 laptops-cols_inherit tablets-cols_inherit mobiles-cols_1 valign_top type_default stacking_default\"><div class=\"wpb_column vc_column_container\"><div class=\"vc_column-inner\"><h2 class=\"w-text\"><span class=\"w-text-h\"><span class=\"w-text-value\">In Bed\u0159ichov befinden sich die folgenden \u00f6ffentlichen Dienste<\/span><\/span><\/h2><div class=\"wpb_text_column\"><div class=\"wpb_wrapper\"><ul>\n<li>Mountain Service &#8211; befindet sich direkt gegen\u00fcber dem zentralen (unteren) Parkplatz. Die Non-Stop-Telefonnummer lautet 483 380 073.<\/li>\n<li>Informationszentrum<\/li>\n<li>2 Parkh\u00e4user (im Zentrum und in Malinik)<\/li>\n<li>2 Gesch\u00e4fte mit gemischten Waren<\/li>\n<li>Sportartikelladen<\/li>\n<li><a href=\"http:\/\/www.adler-ski.cz\/\" target=\"_blank\" rel=\"noopener\">Verleih von Fahrr\u00e4dern und Skiern<\/a>\u00a0&#8211; G\u00e4ste erhalten 10% Rabatt auf den Originalpreis<\/li>\n<li><a href=\"http:\/\/lanoveparky.com\/30-lanovy-park-bedrichov.html\" target=\"_blank\" rel=\"noopener\">Hochseilpark<\/a>&#8211; G\u00e4ste haben 10% Rabatt<\/li>\n<li>2 Restaurants<\/li>\n<li>Bowling-Center<\/li>\n<li>Tennispl\u00e4tze im Sportstadion<\/li>\n<li>Naturschwimmbad<\/li>\n<li>Aussichtsturm Kr\u00e1lovka<\/li>\n<li>Kirche St. Antonius von Padua<\/li>\n<li>Die Isergebirgsstra\u00dfe &#8211; \u00fcber 100 km maschinell gespurte Langlaufloipen<\/li>\n<li>Skigebiet Bed\u0159ichov &#8211; Abfahrten (8\u00d7 leicht, 2\u00d7 mittel), 8 Lifte, die beliebteste Piste Malinovka<\/li>\n<li>Netz von Wander- und Radwanderwegen<\/li>\n<li>Der Transport erfolgt mit Ski- und Fahrradbussen<\/li>\n<\/ul>\n<\/div><\/div><\/div><\/div><\/div><\/div><\/section><section class=\"l-section wpb_row height_small\"><div class=\"l-section-h i-cf\"><div class=\"g-cols vc_row via_grid cols_1 laptops-cols_inherit tablets-cols_inherit mobiles-cols_1 valign_top type_default stacking_default\"><div class=\"wpb_column vc_column_container\"><div class=\"vc_column-inner\"><div class=\"w-gallery type_metro_3 action_popup_image ratio_1x1 count_10\" style=\"--columns:4;--items-gap:5px;\"><div class=\"w-gallery-list\"><div class=\"w-gallery-item\"><div class=\"w-gallery-item-img\"><img loading=\"lazy\" decoding=\"async\" width=\"1920\" height=\"1280\" src=\"https:\/\/www.chatajarmilka.cz\/wp-content\/uploads\/2024\/01\/BEN_1215.jpg\" class=\"attachment-full size-full\" alt=\"\" srcset=\"https:\/\/www.chatajarmilka.cz\/wp-content\/uploads\/2024\/01\/BEN_1215.jpg 1920w, https:\/\/www.chatajarmilka.cz\/wp-content\/uploads\/2024\/01\/BEN_1215-300x200.jpg 300w, https:\/\/www.chatajarmilka.cz\/wp-content\/uploads\/2024\/01\/BEN_1215-1024x683.jpg 1024w\" sizes=\"auto, (max-width: 1920px) 100vw, 1920px\" \/><\/div><a class=\"w-gallery-item-link\" aria-label=\"BEN_1215\" href=\"https:\/\/www.chatajarmilka.cz\/wp-content\/uploads\/2024\/01\/BEN_1215.jpg\"><\/a><\/div><div class=\"w-gallery-item\"><div class=\"w-gallery-item-img\"><img loading=\"lazy\" decoding=\"async\" width=\"1920\" height=\"1280\" src=\"https:\/\/www.chatajarmilka.cz\/wp-content\/uploads\/2024\/01\/BEN_5909.jpg\" class=\"attachment-full size-full\" alt=\"\" srcset=\"https:\/\/www.chatajarmilka.cz\/wp-content\/uploads\/2024\/01\/BEN_5909.jpg 1920w, https:\/\/www.chatajarmilka.cz\/wp-content\/uploads\/2024\/01\/BEN_5909-300x200.jpg 300w, https:\/\/www.chatajarmilka.cz\/wp-content\/uploads\/2024\/01\/BEN_5909-1024x683.jpg 1024w\" sizes=\"auto, (max-width: 1920px) 100vw, 1920px\" \/><\/div><a class=\"w-gallery-item-link\" aria-label=\"BEN_5909\" href=\"https:\/\/www.chatajarmilka.cz\/wp-content\/uploads\/2024\/01\/BEN_5909.jpg\"><\/a><\/div><div class=\"w-gallery-item\"><div class=\"w-gallery-item-img\"><img loading=\"lazy\" decoding=\"async\" width=\"1920\" height=\"1280\" src=\"https:\/\/www.chatajarmilka.cz\/wp-content\/uploads\/2024\/01\/BEN_5542.jpg\" class=\"attachment-full size-full\" alt=\"\" srcset=\"https:\/\/www.chatajarmilka.cz\/wp-content\/uploads\/2024\/01\/BEN_5542.jpg 1920w, https:\/\/www.chatajarmilka.cz\/wp-content\/uploads\/2024\/01\/BEN_5542-300x200.jpg 300w, https:\/\/www.chatajarmilka.cz\/wp-content\/uploads\/2024\/01\/BEN_5542-1024x683.jpg 1024w\" sizes=\"auto, (max-width: 1920px) 100vw, 1920px\" \/><\/div><a class=\"w-gallery-item-link\" aria-label=\"BEN_5542\" href=\"https:\/\/www.chatajarmilka.cz\/wp-content\/uploads\/2024\/01\/BEN_5542.jpg\"><\/a><\/div><div class=\"w-gallery-item\"><div class=\"w-gallery-item-img\"><img loading=\"lazy\" decoding=\"async\" width=\"1920\" height=\"1440\" src=\"https:\/\/www.chatajarmilka.cz\/wp-content\/uploads\/2024\/01\/P5240055.jpg\" class=\"attachment-full size-full\" alt=\"\" srcset=\"https:\/\/www.chatajarmilka.cz\/wp-content\/uploads\/2024\/01\/P5240055.jpg 1920w, https:\/\/www.chatajarmilka.cz\/wp-content\/uploads\/2024\/01\/P5240055-300x225.jpg 300w, https:\/\/www.chatajarmilka.cz\/wp-content\/uploads\/2024\/01\/P5240055-1024x768.jpg 1024w\" sizes=\"auto, (max-width: 1920px) 100vw, 1920px\" \/><\/div><a class=\"w-gallery-item-link\" aria-label=\"P5240055\" href=\"https:\/\/www.chatajarmilka.cz\/wp-content\/uploads\/2024\/01\/P5240055.jpg\"><\/a><\/div><div class=\"w-gallery-item\"><div class=\"w-gallery-item-img\"><img loading=\"lazy\" decoding=\"async\" width=\"600\" height=\"450\" src=\"https:\/\/www.chatajarmilka.cz\/wp-content\/uploads\/2024\/01\/bedrichov-sjezdovky3_m.jpg\" class=\"attachment-full size-full\" alt=\"\" srcset=\"https:\/\/www.chatajarmilka.cz\/wp-content\/uploads\/2024\/01\/bedrichov-sjezdovky3_m.jpg 600w, https:\/\/www.chatajarmilka.cz\/wp-content\/uploads\/2024\/01\/bedrichov-sjezdovky3_m-300x225.jpg 300w\" sizes=\"auto, (max-width: 600px) 100vw, 600px\" \/><\/div><a class=\"w-gallery-item-link\" aria-label=\"bedrichov-sjezdovky3_m\" href=\"https:\/\/www.chatajarmilka.cz\/wp-content\/uploads\/2024\/01\/bedrichov-sjezdovky3_m.jpg\"><\/a><\/div><div class=\"w-gallery-item\"><div class=\"w-gallery-item-img\"><img loading=\"lazy\" decoding=\"async\" width=\"800\" height=\"600\" src=\"https:\/\/www.chatajarmilka.cz\/wp-content\/uploads\/2024\/01\/370_img-stgal.jpg\" class=\"attachment-full size-full\" alt=\"\" srcset=\"https:\/\/www.chatajarmilka.cz\/wp-content\/uploads\/2024\/01\/370_img-stgal.jpg 800w, https:\/\/www.chatajarmilka.cz\/wp-content\/uploads\/2024\/01\/370_img-stgal-300x225.jpg 300w\" sizes=\"auto, (max-width: 800px) 100vw, 800px\" \/><\/div><a class=\"w-gallery-item-link\" aria-label=\"370_img-stgal\" href=\"https:\/\/www.chatajarmilka.cz\/wp-content\/uploads\/2024\/01\/370_img-stgal.jpg\"><\/a><\/div><div class=\"w-gallery-item\"><div class=\"w-gallery-item-img\"><img loading=\"lazy\" decoding=\"async\" width=\"1920\" height=\"1280\" src=\"https:\/\/www.chatajarmilka.cz\/wp-content\/uploads\/2024\/01\/BEN_5450.jpg\" class=\"attachment-full size-full\" alt=\"\" srcset=\"https:\/\/www.chatajarmilka.cz\/wp-content\/uploads\/2024\/01\/BEN_5450.jpg 1920w, https:\/\/www.chatajarmilka.cz\/wp-content\/uploads\/2024\/01\/BEN_5450-300x200.jpg 300w, https:\/\/www.chatajarmilka.cz\/wp-content\/uploads\/2024\/01\/BEN_5450-1024x683.jpg 1024w\" sizes=\"auto, (max-width: 1920px) 100vw, 1920px\" \/><\/div><a class=\"w-gallery-item-link\" aria-label=\"BEN_5450\" href=\"https:\/\/www.chatajarmilka.cz\/wp-content\/uploads\/2024\/01\/BEN_5450.jpg\"><\/a><\/div><div class=\"w-gallery-item\"><div class=\"w-gallery-item-img\"><img loading=\"lazy\" decoding=\"async\" width=\"1920\" height=\"1440\" src=\"https:\/\/www.chatajarmilka.cz\/wp-content\/uploads\/2024\/01\/P1297241.jpg\" class=\"attachment-full size-full\" alt=\"\" srcset=\"https:\/\/www.chatajarmilka.cz\/wp-content\/uploads\/2024\/01\/P1297241.jpg 1920w, https:\/\/www.chatajarmilka.cz\/wp-content\/uploads\/2024\/01\/P1297241-300x225.jpg 300w, https:\/\/www.chatajarmilka.cz\/wp-content\/uploads\/2024\/01\/P1297241-1024x768.jpg 1024w\" sizes=\"auto, (max-width: 1920px) 100vw, 1920px\" \/><\/div><a class=\"w-gallery-item-link\" aria-label=\"P1297241\" href=\"https:\/\/www.chatajarmilka.cz\/wp-content\/uploads\/2024\/01\/P1297241.jpg\"><\/a><\/div><div class=\"w-gallery-item\"><div class=\"w-gallery-item-img\"><img loading=\"lazy\" decoding=\"async\" width=\"1920\" height=\"1280\" src=\"https:\/\/www.chatajarmilka.cz\/wp-content\/uploads\/2024\/01\/BEN_1221.jpg\" class=\"attachment-full size-full\" alt=\"\" srcset=\"https:\/\/www.chatajarmilka.cz\/wp-content\/uploads\/2024\/01\/BEN_1221.jpg 1920w, https:\/\/www.chatajarmilka.cz\/wp-content\/uploads\/2024\/01\/BEN_1221-300x200.jpg 300w, https:\/\/www.chatajarmilka.cz\/wp-content\/uploads\/2024\/01\/BEN_1221-1024x683.jpg 1024w\" sizes=\"auto, (max-width: 1920px) 100vw, 1920px\" \/><\/div><a class=\"w-gallery-item-link\" aria-label=\"BEN_1221\" href=\"https:\/\/www.chatajarmilka.cz\/wp-content\/uploads\/2024\/01\/BEN_1221.jpg\"><\/a><\/div><div class=\"w-gallery-item\"><div class=\"w-gallery-item-img\"><img loading=\"lazy\" decoding=\"async\" width=\"1920\" height=\"1280\" src=\"https:\/\/www.chatajarmilka.cz\/wp-content\/uploads\/2024\/01\/BEN_5813.jpg\" class=\"attachment-full size-full\" alt=\"\" srcset=\"https:\/\/www.chatajarmilka.cz\/wp-content\/uploads\/2024\/01\/BEN_5813.jpg 1920w, https:\/\/www.chatajarmilka.cz\/wp-content\/uploads\/2024\/01\/BEN_5813-300x200.jpg 300w, https:\/\/www.chatajarmilka.cz\/wp-content\/uploads\/2024\/01\/BEN_5813-1024x683.jpg 1024w\" sizes=\"auto, (max-width: 1920px) 100vw, 1920px\" \/><\/div><a class=\"w-gallery-item-link\" aria-label=\"BEN_5813\" href=\"https:\/\/www.chatajarmilka.cz\/wp-content\/uploads\/2024\/01\/BEN_5813.jpg\"><\/a><\/div><\/div><\/div><\/div><\/div><\/div><\/div><\/section>\n","protected":false},"excerpt":{"rendered":"","protected":false},"author":1,"featured_media":0,"parent":0,"menu_order":0,"comment_status":"closed","ping_status":"closed","template":"","meta":{"footnotes":""},"class_list":["post-719","page","type-page","status-publish","hentry"],"_links":{"self":[{"href":"https:\/\/www.chatajarmilka.cz\/de\/wp-json\/wp\/v2\/pages\/719","targetHints":{"allow":["GET"]}}],"collection":[{"href":"https:\/\/www.chatajarmilka.cz\/de\/wp-json\/wp\/v2\/pages"}],"about":[{"href":"https:\/\/www.chatajarmilka.cz\/de\/wp-json\/wp\/v2\/types\/page"}],"author":[{"embeddable":true,"href":"https:\/\/www.chatajarmilka.cz\/de\/wp-json\/wp\/v2\/users\/1"}],"replies":[{"embeddable":true,"href":"https:\/\/www.chatajarmilka.cz\/de\/wp-json\/wp\/v2\/comments?post=719"}],"version-history":[{"count":3,"href":"https:\/\/www.chatajarmilka.cz\/de\/wp-json\/wp\/v2\/pages\/719\/revisions"}],"predecessor-version":[{"id":880,"href":"https:\/\/www.chatajarmilka.cz\/de\/wp-json\/wp\/v2\/pages\/719\/revisions\/880"}],"wp:attachment":[{"href":"https:\/\/www.chatajarmilka.cz\/de\/wp-json\/wp\/v2\/media?parent=719"}],"curies":[{"name":"wp","href":"https:\/\/api.w.org\/{rel}","templated":true}]}}