{"id":709,"date":"2024-01-09T18:39:31","date_gmt":"2024-01-09T17:39:31","guid":{"rendered":"https:\/\/www.chatajarmilka.cz\/?page_id=709"},"modified":"2024-02-24T10:53:44","modified_gmt":"2024-02-24T09:53:44","slug":"restaurant","status":"publish","type":"page","link":"https:\/\/www.chatajarmilka.cz\/de\/restaurant\/","title":{"rendered":"Restaurant"},"content":{"rendered":"<section class=\"l-section wpb_row height_small\"><div class=\"l-section-h i-cf\"><div class=\"g-cols vc_row via_grid cols_1 laptops-cols_inherit tablets-cols_inherit mobiles-cols_1 valign_top type_default stacking_default\"><div class=\"wpb_column vc_column_container\"><div class=\"vc_column-inner\"><h1 class=\"w-text\"><span class=\"w-text-h\"><span class=\"w-text-value\">Restaurant H\u00fctte Jarmilka<\/span><\/span><\/h1><\/div><\/div><\/div><\/div><\/section><section class=\"l-section wpb_row height_small\"><div class=\"l-section-h i-cf\"><div class=\"g-cols vc_row via_grid cols_2-3 laptops-cols_inherit tablets-cols_inherit mobiles-cols_1 valign_middle type_default stacking_default\"><div class=\"wpb_column vc_column_container\"><div class=\"vc_column-inner\"><div class=\"wpb_text_column\"><div class=\"wpb_wrapper\"><h3>T\u00e4glich ge\u00f6ffnet von 11:00 bis 22:00 Uhr<\/h3>\n<ul>\n<li>Alle Bereiche des G\u00e4stehauses sind Nichtraucherbereiche<\/li>\n<li>Kapazit\u00e4t bis zu 60 Personen<\/li>\n<li>Zugang f\u00fcr Rollstuhlfahrer<\/li>\n<\/ul>\n<\/div><\/div><\/div><\/div><div class=\"wpb_column vc_column_container\"><div class=\"vc_column-inner\"><div class=\"w-image align_none\"><div class=\"w-image-h\"><img loading=\"lazy\" decoding=\"async\" width=\"1024\" height=\"768\" src=\"https:\/\/www.chatajarmilka.cz\/wp-content\/uploads\/2024\/01\/img1-1024x768.jpg\" class=\"attachment-large size-large\" alt=\"\" srcset=\"https:\/\/www.chatajarmilka.cz\/wp-content\/uploads\/2024\/01\/img1-1024x768.jpg 1024w, https:\/\/www.chatajarmilka.cz\/wp-content\/uploads\/2024\/01\/img1-300x225.jpg 300w, https:\/\/www.chatajarmilka.cz\/wp-content\/uploads\/2024\/01\/img1.jpg 1920w\" sizes=\"auto, (max-width: 1024px) 100vw, 1024px\" \/><\/div><\/div><\/div><\/div><\/div><\/div><\/section><section class=\"l-section wpb_row height_small\"><div class=\"l-section-h i-cf\"><div class=\"g-cols vc_row via_grid cols_1 laptops-cols_inherit tablets-cols_inherit mobiles-cols_1 valign_top type_default stacking_default\"><div class=\"wpb_column vc_column_container\"><div class=\"vc_column-inner\"><\/div><\/div><\/div><\/div><\/section><section class=\"l-section wpb_row height_small\"><div class=\"l-section-h i-cf\"><div class=\"g-cols vc_row via_grid cols_3-2 laptops-cols_inherit tablets-cols_inherit mobiles-cols_1 valign_middle type_default reversed stacking_default\"><div class=\"wpb_column vc_column_container\"><div class=\"vc_column-inner\"><div class=\"w-image align_none\"><div class=\"w-image-h\"><img loading=\"lazy\" decoding=\"async\" width=\"1024\" height=\"768\" src=\"https:\/\/www.chatajarmilka.cz\/wp-content\/uploads\/2024\/01\/DSC03782-1-1024x768.jpg\" class=\"attachment-large size-large\" alt=\"\" srcset=\"https:\/\/www.chatajarmilka.cz\/wp-content\/uploads\/2024\/01\/DSC03782-1-1024x768.jpg 1024w, https:\/\/www.chatajarmilka.cz\/wp-content\/uploads\/2024\/01\/DSC03782-1-300x225.jpg 300w, https:\/\/www.chatajarmilka.cz\/wp-content\/uploads\/2024\/01\/DSC03782-1.jpg 1920w\" sizes=\"auto, (max-width: 1024px) 100vw, 1024px\" \/><\/div><\/div><\/div><\/div><div class=\"wpb_column vc_column_container\"><div class=\"vc_column-inner\"><h2 class=\"w-text\"><span class=\"w-text-h\"><span class=\"w-text-value\">Sonstige Dienstleistungen<\/span><\/span><\/h2><div class=\"wpb_text_column\"><div class=\"wpb_wrapper\"><ul>\n<li>Geeignet f\u00fcr Veranstaltungen wie Hochzeiten, Firmenbankette usw.<\/li>\n<li>Wir akzeptieren Kreditkarten.<\/li>\n<\/ul>\n<\/div><\/div><\/div><\/div><\/div><\/div><\/section><section class=\"l-section wpb_row height_small\"><div class=\"l-section-h i-cf\"><div class=\"g-cols vc_row via_grid cols_1 laptops-cols_inherit tablets-cols_inherit mobiles-cols_1 valign_top type_default stacking_default\"><div class=\"wpb_column vc_column_container\"><div class=\"vc_column-inner\"><\/div><\/div><\/div><\/div><\/section><section class=\"l-section wpb_row height_small\"><div class=\"l-section-h i-cf\"><div class=\"g-cols vc_row via_grid cols_2-3 laptops-cols_inherit tablets-cols_inherit mobiles-cols_1 valign_middle type_default stacking_default\"><div class=\"wpb_column vc_column_container\"><div class=\"vc_column-inner\"><h2 class=\"w-text\"><span class=\"w-text-h\"><span class=\"w-text-value\">Mittagessen und Abendessen<\/span><\/span><\/h2><div class=\"wpb_text_column\"><div class=\"wpb_wrapper\"><ul>\n<li>Serviert von 11:00 bis 22:00 Uhr.<\/li>\n<li>Gro\u00dfe Auswahl an Gerichten auf der Speisekarte.<\/li>\n<li>Wir bieten die beliebtesten Gerichte der klassischen tschechischen Hausmannskost.<\/li>\n<li>Auf der Speisekarte stehen auch Kindergerichte und vegetarische Gerichte.<\/li>\n<li>Beilagen nur aus frischen Zutaten.<\/li>\n<li>Wir bereiten auch Salate, Nudelgerichte, Fleischspezialit\u00e4ten,<\/li>\n<li>Grillspezialit\u00e4ten und Fisch zu.<\/li>\n<\/ul>\n<\/div><\/div><\/div><\/div><div class=\"wpb_column vc_column_container\"><div class=\"vc_column-inner\"><div class=\"w-image align_none\"><div class=\"w-image-h\"><img loading=\"lazy\" decoding=\"async\" width=\"1024\" height=\"768\" src=\"https:\/\/www.chatajarmilka.cz\/wp-content\/uploads\/2024\/01\/img1-1024x768.jpg\" class=\"attachment-large size-large\" alt=\"\" srcset=\"https:\/\/www.chatajarmilka.cz\/wp-content\/uploads\/2024\/01\/img1-1024x768.jpg 1024w, https:\/\/www.chatajarmilka.cz\/wp-content\/uploads\/2024\/01\/img1-300x225.jpg 300w, https:\/\/www.chatajarmilka.cz\/wp-content\/uploads\/2024\/01\/img1.jpg 1920w\" sizes=\"auto, (max-width: 1024px) 100vw, 1024px\" \/><\/div><\/div><\/div><\/div><\/div><\/div><\/section><section class=\"l-section wpb_row height_small\"><div class=\"l-section-h i-cf\"><div class=\"g-cols vc_row via_grid cols_1 laptops-cols_inherit tablets-cols_inherit mobiles-cols_1 valign_top type_default stacking_default\"><div class=\"wpb_column vc_column_container\"><div class=\"vc_column-inner\"><\/div><\/div><\/div><\/div><\/section><section class=\"l-section wpb_row height_small\"><div class=\"l-section-h i-cf\"><div class=\"g-cols vc_row via_grid cols_3-2 laptops-cols_inherit tablets-cols_inherit mobiles-cols_1 valign_middle type_default reversed stacking_default\"><div class=\"wpb_column vc_column_container\"><div class=\"vc_column-inner\"><div class=\"w-image align_none\"><div class=\"w-image-h\"><img loading=\"lazy\" decoding=\"async\" width=\"1024\" height=\"768\" src=\"https:\/\/www.chatajarmilka.cz\/wp-content\/uploads\/2024\/01\/146C9828-1D01-4C7B-88ED-394BEBFAECD81-1024x768.jpg\" class=\"attachment-large size-large\" alt=\"\" srcset=\"https:\/\/www.chatajarmilka.cz\/wp-content\/uploads\/2024\/01\/146C9828-1D01-4C7B-88ED-394BEBFAECD81-1024x768.jpg 1024w, https:\/\/www.chatajarmilka.cz\/wp-content\/uploads\/2024\/01\/146C9828-1D01-4C7B-88ED-394BEBFAECD81-300x225.jpg 300w, https:\/\/www.chatajarmilka.cz\/wp-content\/uploads\/2024\/01\/146C9828-1D01-4C7B-88ED-394BEBFAECD81.jpg 1920w\" sizes=\"auto, (max-width: 1024px) 100vw, 1024px\" \/><\/div><\/div><\/div><\/div><div class=\"wpb_column vc_column_container\"><div class=\"vc_column-inner\"><h2 class=\"w-text\"><span class=\"w-text-h\"><span class=\"w-text-value\">Getr\u00e4nke<\/span><\/span><\/h2><div class=\"wpb_text_column\"><div class=\"wpb_wrapper\"><ul>\n<li>Gro\u00dfe Auswahl an hei\u00dfen und kalten Getr\u00e4nken, alkoholische und alkoholfreie.<\/li>\n<li>Wir drehen PILSNER URQUELL.<\/li>\n<li>Wir servieren Birell in Flaschen.<\/li>\n<li>Der Kaffee der Marke ILLY wird Ihnen das Sitzen angenehmer machen.<\/li>\n<\/ul>\n<\/div><\/div><\/div><\/div><\/div><\/div><\/section><section class=\"l-section wpb_row height_small\"><div class=\"l-section-h i-cf\"><div class=\"g-cols vc_row via_grid cols_1 laptops-cols_inherit tablets-cols_inherit mobiles-cols_1 valign_top type_default stacking_default\"><div class=\"wpb_column vc_column_container\"><div class=\"vc_column-inner\"><\/div><\/div><\/div><\/div><\/section><section class=\"l-section wpb_row height_small\"><div class=\"l-section-h i-cf\"><div class=\"g-cols vc_row via_grid cols_2-3 laptops-cols_inherit tablets-cols_inherit mobiles-cols_1 valign_middle type_default stacking_default\"><div class=\"wpb_column vc_column_container\"><div class=\"vc_column-inner\"><h2 class=\"w-text\"><span class=\"w-text-h\"><span class=\"w-text-value\">Aufenthaltsraum<\/span><\/span><\/h2><div class=\"wpb_text_column\"><div class=\"wpb_wrapper\"><ul>\n<li>Auf Anfrage Lounge f\u00fcr geschlossene Gesellschaften (Bankette, Firmenfeiern, Hochzeiten&#8230;)<\/li>\n<\/ul>\n<\/div><\/div><\/div><\/div><div class=\"wpb_column vc_column_container\"><div class=\"vc_column-inner\"><div class=\"w-image align_none\"><div class=\"w-image-h\"><img loading=\"lazy\" decoding=\"async\" width=\"1024\" height=\"683\" src=\"https:\/\/www.chatajarmilka.cz\/wp-content\/uploads\/2024\/01\/DSC00302-1024x683.jpg\" class=\"attachment-large size-large\" alt=\"\" srcset=\"https:\/\/www.chatajarmilka.cz\/wp-content\/uploads\/2024\/01\/DSC00302-1024x683.jpg 1024w, https:\/\/www.chatajarmilka.cz\/wp-content\/uploads\/2024\/01\/DSC00302-300x200.jpg 300w, https:\/\/www.chatajarmilka.cz\/wp-content\/uploads\/2024\/01\/DSC00302.jpg 1920w\" sizes=\"auto, (max-width: 1024px) 100vw, 1024px\" \/><\/div><\/div><\/div><\/div><\/div><\/div><\/section>\n","protected":false},"excerpt":{"rendered":"","protected":false},"author":1,"featured_media":0,"parent":0,"menu_order":0,"comment_status":"closed","ping_status":"closed","template":"","meta":{"footnotes":""},"class_list":["post-709","page","type-page","status-publish","hentry"],"_links":{"self":[{"href":"https:\/\/www.chatajarmilka.cz\/de\/wp-json\/wp\/v2\/pages\/709","targetHints":{"allow":["GET"]}}],"collection":[{"href":"https:\/\/www.chatajarmilka.cz\/de\/wp-json\/wp\/v2\/pages"}],"about":[{"href":"https:\/\/www.chatajarmilka.cz\/de\/wp-json\/wp\/v2\/types\/page"}],"author":[{"embeddable":true,"href":"https:\/\/www.chatajarmilka.cz\/de\/wp-json\/wp\/v2\/users\/1"}],"replies":[{"embeddable":true,"href":"https:\/\/www.chatajarmilka.cz\/de\/wp-json\/wp\/v2\/comments?post=709"}],"version-history":[{"count":2,"href":"https:\/\/www.chatajarmilka.cz\/de\/wp-json\/wp\/v2\/pages\/709\/revisions"}],"predecessor-version":[{"id":711,"href":"https:\/\/www.chatajarmilka.cz\/de\/wp-json\/wp\/v2\/pages\/709\/revisions\/711"}],"wp:attachment":[{"href":"https:\/\/www.chatajarmilka.cz\/de\/wp-json\/wp\/v2\/media?parent=709"}],"curies":[{"name":"wp","href":"https:\/\/api.w.org\/{rel}","templated":true}]}}