{"id":706,"date":"2024-01-09T18:39:15","date_gmt":"2024-01-09T17:39:15","guid":{"rendered":"https:\/\/www.chatajarmilka.cz\/?page_id=706"},"modified":"2025-11-07T14:16:25","modified_gmt":"2025-11-07T13:16:25","slug":"pension","status":"publish","type":"page","link":"https:\/\/www.chatajarmilka.cz\/de\/pension\/","title":{"rendered":"Pension"},"content":{"rendered":"<section class=\"l-section wpb_row height_small\"><div class=\"l-section-h i-cf\"><div class=\"g-cols vc_row via_grid cols_1 laptops-cols_inherit tablets-cols_inherit mobiles-cols_1 valign_top type_default stacking_default\"><div class=\"wpb_column vc_column_container\"><div class=\"vc_column-inner\"><h1 class=\"w-text\"><span class=\"w-text-h\"><span class=\"w-text-value\">Das G\u00e4stehaus ist ideal f\u00fcr Familien mit Kindern<\/span><\/span><\/h1><div class=\"wpb_text_column\"><div class=\"wpb_wrapper\"><h5>Unser G\u00e4stehaus ist der ideale Ort f\u00fcr diejenigen, die eine ruhige und entspannende Unterkunft suchen, egal ob Sie im Urlaub oder auf einer Gesch\u00e4ftsreise sind. Entdecken Sie die Kombination aus modernem Bergdesign und warmer Atmosph\u00e4re. Ihr Komfort ist unsere Priorit\u00e4t, und wir sind sicher, dass Sie einen unvergesslichen Aufenthalt bei uns genie\u00dfen werden. Willkommen in unserem G\u00e4stehaus, wo sich die Eleganz der Berge mit dem Komfort von zu Hause verbindet!<\/h5>\n<\/div><\/div><div class=\"w-separator size_medium\"><\/div><h3 class=\"w-text\"><span class=\"w-text-h\"><span class=\"w-text-value\">Unterbringungskapazit\u00e4t 20 Zimmer mit 54 Betten und 6 Zusatzbetten<\/span><\/span><\/h3><div class=\"wpb_text_column\"><div class=\"wpb_wrapper\"><ul>\n<li>Erwachsene ab <strong>900 CZK<\/strong> \/ Person \/ Nacht, inklusive Fr\u00fchst\u00fcck<\/li>\n<li>Kinder bis zu 3 Jahren kostenlos (ohne \u00dcbernachtung und Fr\u00fchst\u00fcck)<\/li>\n<li>Kinder 3-9 Jahre <strong>40% Rabatt auf den Preis<\/strong> in der angegebenen Frist \/ Nacht, inklusive Fr\u00fchst\u00fcck<\/li>\n<li>Jugend 10-12 Jahre <strong>20% Rabatt auf den Preis<\/strong> in der angegebenen Frist \/ Nacht, inklusive Fr\u00fchst\u00fcck<\/li>\n<li>Kinderbettverleih <strong>100 CZK<\/strong> \/ Nacht<\/li>\n<\/ul>\n<\/div><\/div><\/div><\/div><\/div><\/div><\/section><section class=\"l-section wpb_row height_small\"><div class=\"l-section-h i-cf\"><div class=\"g-cols vc_row via_grid cols_2-3 laptops-cols_inherit tablets-cols_inherit mobiles-cols_1 valign_middle type_default stacking_default\"><div class=\"wpb_column vc_column_container\"><div class=\"vc_column-inner\"><h2 class=\"w-text\"><span class=\"w-text-h\"><span class=\"w-text-value\">Arten von R\u00e4umen<\/span><\/span><\/h2><div class=\"wpb_text_column\"><div class=\"wpb_wrapper\"><ul>\n<li>Zweibettzimmer<\/li>\n<li>Doppelzimmer mit Zustellbett<\/li>\n<li>Dreibettzimmer mit Zustellbett<\/li>\n<li>Doppelstudios f\u00fcr 4 bis 6 Personen<\/li>\n<li>Studio f\u00fcr 5 Personen mit Zustellbett<\/li>\n<\/ul>\n<\/div><\/div><div class=\"w-separator size_medium\"><\/div><h2 class=\"w-text\"><span class=\"w-text-h\"><span class=\"w-text-value\">Annehmlichkeiten im Zimmer<\/span><\/span><\/h2><div class=\"wpb_text_column\"><div class=\"wpb_wrapper\"><ul>\n<li>Orthop\u00e4dische Matratzen<\/li>\n<li>Sofagarnitur<\/li>\n<li>Couchtisch<\/li>\n<li>Kleiderschrank<\/li>\n<li>LCD-FERNSEHER<\/li>\n<li>Badezimmer mit Dusche, Waschbecken und Toilette<\/li>\n<li>M\u00f6glichkeit, ein Babybett gegen eine Geb\u00fchr zu mieten<\/li>\n<\/ul>\n<\/div><\/div><\/div><\/div><div class=\"wpb_column vc_column_container\"><div class=\"vc_column-inner\"><div class=\"w-gallery type_metro_2 action_popup_image ratio_1x1 count_6\" style=\"--columns:4;--items-gap:5px;\"><div class=\"w-gallery-list\"><div class=\"w-gallery-item\"><div class=\"w-gallery-item-img\"><img loading=\"lazy\" decoding=\"async\" width=\"2059\" height=\"1373\" src=\"https:\/\/www.chatajarmilka.cz\/wp-content\/uploads\/2024\/01\/DSCF7670.jpg\" class=\"attachment-full size-full\" alt=\"\" srcset=\"https:\/\/www.chatajarmilka.cz\/wp-content\/uploads\/2024\/01\/DSCF7670.jpg 2059w, https:\/\/www.chatajarmilka.cz\/wp-content\/uploads\/2024\/01\/DSCF7670-300x200.jpg 300w, https:\/\/www.chatajarmilka.cz\/wp-content\/uploads\/2024\/01\/DSCF7670-1024x683.jpg 1024w\" sizes=\"auto, (max-width: 2059px) 100vw, 2059px\" \/><\/div><a class=\"w-gallery-item-link\" aria-label=\"DSCF7670\" href=\"https:\/\/www.chatajarmilka.cz\/wp-content\/uploads\/2024\/01\/DSCF7670.jpg\"><\/a><\/div><div class=\"w-gallery-item\"><div class=\"w-gallery-item-img\"><img loading=\"lazy\" decoding=\"async\" width=\"2059\" height=\"1373\" src=\"https:\/\/www.chatajarmilka.cz\/wp-content\/uploads\/2024\/01\/DSCF7671.jpg\" class=\"attachment-full size-full\" alt=\"\" srcset=\"https:\/\/www.chatajarmilka.cz\/wp-content\/uploads\/2024\/01\/DSCF7671.jpg 2059w, https:\/\/www.chatajarmilka.cz\/wp-content\/uploads\/2024\/01\/DSCF7671-300x200.jpg 300w, https:\/\/www.chatajarmilka.cz\/wp-content\/uploads\/2024\/01\/DSCF7671-1024x683.jpg 1024w\" sizes=\"auto, (max-width: 2059px) 100vw, 2059px\" \/><\/div><a class=\"w-gallery-item-link\" aria-label=\"DSCF7671\" href=\"https:\/\/www.chatajarmilka.cz\/wp-content\/uploads\/2024\/01\/DSCF7671.jpg\"><\/a><\/div><div class=\"w-gallery-item\"><div class=\"w-gallery-item-img\"><img loading=\"lazy\" decoding=\"async\" width=\"2059\" height=\"1373\" src=\"https:\/\/www.chatajarmilka.cz\/wp-content\/uploads\/2024\/01\/DSCF7675.jpg\" class=\"attachment-full size-full\" alt=\"\" srcset=\"https:\/\/www.chatajarmilka.cz\/wp-content\/uploads\/2024\/01\/DSCF7675.jpg 2059w, https:\/\/www.chatajarmilka.cz\/wp-content\/uploads\/2024\/01\/DSCF7675-300x200.jpg 300w, https:\/\/www.chatajarmilka.cz\/wp-content\/uploads\/2024\/01\/DSCF7675-1024x683.jpg 1024w\" sizes=\"auto, (max-width: 2059px) 100vw, 2059px\" \/><\/div><a class=\"w-gallery-item-link\" aria-label=\"DSCF7675\" href=\"https:\/\/www.chatajarmilka.cz\/wp-content\/uploads\/2024\/01\/DSCF7675.jpg\"><\/a><\/div><div class=\"w-gallery-item\"><div class=\"w-gallery-item-img\"><img loading=\"lazy\" decoding=\"async\" width=\"1373\" height=\"2059\" src=\"https:\/\/www.chatajarmilka.cz\/wp-content\/uploads\/2024\/01\/DSCF7676.jpg\" class=\"attachment-full size-full\" alt=\"\" srcset=\"https:\/\/www.chatajarmilka.cz\/wp-content\/uploads\/2024\/01\/DSCF7676.jpg 1373w, https:\/\/www.chatajarmilka.cz\/wp-content\/uploads\/2024\/01\/DSCF7676-200x300.jpg 200w, https:\/\/www.chatajarmilka.cz\/wp-content\/uploads\/2024\/01\/DSCF7676-683x1024.jpg 683w\" sizes=\"auto, (max-width: 1373px) 100vw, 1373px\" \/><\/div><a class=\"w-gallery-item-link\" aria-label=\"DSCF7676\" href=\"https:\/\/www.chatajarmilka.cz\/wp-content\/uploads\/2024\/01\/DSCF7676.jpg\"><\/a><\/div><div class=\"w-gallery-item\"><div class=\"w-gallery-item-img\"><img loading=\"lazy\" decoding=\"async\" width=\"1373\" height=\"2059\" src=\"https:\/\/www.chatajarmilka.cz\/wp-content\/uploads\/2024\/01\/DSCF7680.jpg\" class=\"attachment-full size-full\" alt=\"\" srcset=\"https:\/\/www.chatajarmilka.cz\/wp-content\/uploads\/2024\/01\/DSCF7680.jpg 1373w, https:\/\/www.chatajarmilka.cz\/wp-content\/uploads\/2024\/01\/DSCF7680-200x300.jpg 200w, https:\/\/www.chatajarmilka.cz\/wp-content\/uploads\/2024\/01\/DSCF7680-683x1024.jpg 683w\" sizes=\"auto, (max-width: 1373px) 100vw, 1373px\" \/><\/div><a class=\"w-gallery-item-link\" aria-label=\"DSCF7680\" href=\"https:\/\/www.chatajarmilka.cz\/wp-content\/uploads\/2024\/01\/DSCF7680.jpg\"><\/a><\/div><div class=\"w-gallery-item\"><div class=\"w-gallery-item-img\"><img loading=\"lazy\" decoding=\"async\" width=\"1995\" height=\"1373\" src=\"https:\/\/www.chatajarmilka.cz\/wp-content\/uploads\/2024\/01\/DSCF7682.jpg\" class=\"attachment-full size-full\" alt=\"\" srcset=\"https:\/\/www.chatajarmilka.cz\/wp-content\/uploads\/2024\/01\/DSCF7682.jpg 1995w, https:\/\/www.chatajarmilka.cz\/wp-content\/uploads\/2024\/01\/DSCF7682-300x206.jpg 300w, https:\/\/www.chatajarmilka.cz\/wp-content\/uploads\/2024\/01\/DSCF7682-1024x705.jpg 1024w\" sizes=\"auto, (max-width: 1995px) 100vw, 1995px\" \/><\/div><a class=\"w-gallery-item-link\" aria-label=\"DSCF7682\" href=\"https:\/\/www.chatajarmilka.cz\/wp-content\/uploads\/2024\/01\/DSCF7682.jpg\"><\/a><\/div><\/div><\/div><\/div><\/div><\/div><\/div><\/section><section class=\"l-section wpb_row height_small\"><div class=\"l-section-h i-cf\"><div class=\"g-cols vc_row via_grid cols_1 laptops-cols_inherit tablets-cols_inherit mobiles-cols_1 valign_top type_default stacking_default\"><div class=\"wpb_column vc_column_container\"><div class=\"vc_column-inner\"><\/div><\/div><\/div><\/div><\/section><section class=\"l-section wpb_row height_small\"><div class=\"l-section-h i-cf\"><div class=\"g-cols vc_row via_grid cols_3-2 laptops-cols_inherit tablets-cols_inherit mobiles-cols_1 valign_middle type_default reversed stacking_default\"><div class=\"wpb_column vc_column_container\"><div class=\"vc_column-inner\"><div class=\"w-gallery type_metro_2 action_popup_image ratio_custom count_6\" style=\"--columns:4;--items-gap:5px;--items-ratio-width:11;--items-ratio-height:9;\"><div class=\"w-gallery-list\"><div class=\"w-gallery-item\"><div class=\"w-gallery-item-img\"><img loading=\"lazy\" decoding=\"async\" width=\"426\" height=\"284\" src=\"https:\/\/www.chatajarmilka.cz\/wp-content\/uploads\/2024\/01\/KUB_7682.jpg\" class=\"attachment-full size-full\" alt=\"\" srcset=\"https:\/\/www.chatajarmilka.cz\/wp-content\/uploads\/2024\/01\/KUB_7682.jpg 426w, https:\/\/www.chatajarmilka.cz\/wp-content\/uploads\/2024\/01\/KUB_7682-300x200.jpg 300w\" sizes=\"auto, (max-width: 426px) 100vw, 426px\" \/><\/div><a class=\"w-gallery-item-link\" aria-label=\"KUB_7682\" href=\"https:\/\/www.chatajarmilka.cz\/wp-content\/uploads\/2024\/01\/KUB_7682.jpg\"><\/a><\/div><div class=\"w-gallery-item\"><div class=\"w-gallery-item-img\"><img loading=\"lazy\" decoding=\"async\" width=\"359\" height=\"239\" src=\"https:\/\/www.chatajarmilka.cz\/wp-content\/uploads\/2024\/01\/KUB_7697.jpg\" class=\"attachment-full size-full\" alt=\"\" srcset=\"https:\/\/www.chatajarmilka.cz\/wp-content\/uploads\/2024\/01\/KUB_7697.jpg 359w, https:\/\/www.chatajarmilka.cz\/wp-content\/uploads\/2024\/01\/KUB_7697-300x200.jpg 300w\" sizes=\"auto, (max-width: 359px) 100vw, 359px\" \/><\/div><a class=\"w-gallery-item-link\" aria-label=\"KUB_7697\" href=\"https:\/\/www.chatajarmilka.cz\/wp-content\/uploads\/2024\/01\/KUB_7697.jpg\"><\/a><\/div><div class=\"w-gallery-item\"><div class=\"w-gallery-item-img\"><img loading=\"lazy\" decoding=\"async\" width=\"426\" height=\"284\" src=\"https:\/\/www.chatajarmilka.cz\/wp-content\/uploads\/2024\/01\/KUB_7705.jpg\" class=\"attachment-full size-full\" alt=\"\" srcset=\"https:\/\/www.chatajarmilka.cz\/wp-content\/uploads\/2024\/01\/KUB_7705.jpg 426w, https:\/\/www.chatajarmilka.cz\/wp-content\/uploads\/2024\/01\/KUB_7705-300x200.jpg 300w\" sizes=\"auto, (max-width: 426px) 100vw, 426px\" \/><\/div><a class=\"w-gallery-item-link\" aria-label=\"KUB_7705\" href=\"https:\/\/www.chatajarmilka.cz\/wp-content\/uploads\/2024\/01\/KUB_7705.jpg\"><\/a><\/div><div class=\"w-gallery-item\"><div class=\"w-gallery-item-img\"><img loading=\"lazy\" decoding=\"async\" width=\"341\" height=\"227\" src=\"https:\/\/www.chatajarmilka.cz\/wp-content\/uploads\/2024\/01\/KUB_76991.jpg\" class=\"attachment-full size-full\" alt=\"\" srcset=\"https:\/\/www.chatajarmilka.cz\/wp-content\/uploads\/2024\/01\/KUB_76991.jpg 341w, https:\/\/www.chatajarmilka.cz\/wp-content\/uploads\/2024\/01\/KUB_76991-300x200.jpg 300w\" sizes=\"auto, (max-width: 341px) 100vw, 341px\" \/><\/div><a class=\"w-gallery-item-link\" aria-label=\"KUB_76991\" href=\"https:\/\/www.chatajarmilka.cz\/wp-content\/uploads\/2024\/01\/KUB_76991.jpg\"><\/a><\/div><div class=\"w-gallery-item\"><div class=\"w-gallery-item-img\"><img loading=\"lazy\" decoding=\"async\" width=\"399\" height=\"266\" src=\"https:\/\/www.chatajarmilka.cz\/wp-content\/uploads\/2024\/01\/KUB_77211.jpg\" class=\"attachment-full size-full\" alt=\"\" srcset=\"https:\/\/www.chatajarmilka.cz\/wp-content\/uploads\/2024\/01\/KUB_77211.jpg 399w, https:\/\/www.chatajarmilka.cz\/wp-content\/uploads\/2024\/01\/KUB_77211-300x200.jpg 300w\" sizes=\"auto, (max-width: 399px) 100vw, 399px\" \/><\/div><a class=\"w-gallery-item-link\" aria-label=\"KUB_77211\" href=\"https:\/\/www.chatajarmilka.cz\/wp-content\/uploads\/2024\/01\/KUB_77211.jpg\"><\/a><\/div><div class=\"w-gallery-item\"><div class=\"w-gallery-item-img\"><img loading=\"lazy\" decoding=\"async\" width=\"426\" height=\"284\" src=\"https:\/\/www.chatajarmilka.cz\/wp-content\/uploads\/2024\/01\/KUB_7714.jpg\" class=\"attachment-full size-full\" alt=\"\" srcset=\"https:\/\/www.chatajarmilka.cz\/wp-content\/uploads\/2024\/01\/KUB_7714.jpg 426w, https:\/\/www.chatajarmilka.cz\/wp-content\/uploads\/2024\/01\/KUB_7714-300x200.jpg 300w\" sizes=\"auto, (max-width: 426px) 100vw, 426px\" \/><\/div><a class=\"w-gallery-item-link\" aria-label=\"KUB_7714\" href=\"https:\/\/www.chatajarmilka.cz\/wp-content\/uploads\/2024\/01\/KUB_7714.jpg\"><\/a><\/div><\/div><\/div><\/div><\/div><div class=\"wpb_column vc_column_container\"><div class=\"vc_column-inner\"><h2 class=\"w-text\"><span class=\"w-text-h\"><span class=\"w-text-value\">Wellness<\/span><\/span><\/h2><div class=\"wpb_text_column\"><div class=\"wpb_wrapper\"><ul>\n<li>Finnische Sauna<br \/>Whirlpool<\/li>\n<li>Ruheraum<\/li>\n<li>Erlebnisduschen<\/li>\n<li>Max. 10 Personen<\/li>\n<li>Auch per Telefon buchbar<\/li>\n<li>Private Wellness f\u00fcr 2 Personen<strong> 1500 CZK<\/strong> \/ 90 Minuten, jede weitere Person <strong>300 CZK<\/strong><\/li>\n<li>F\u00fcr untergebrachte G\u00e4ste gilt ein Sonderpreis von <strong>1250<\/strong> CZK f\u00fcr 2 Personen \/ 90 Minuten<\/li>\n<li>Kinder innerhalb der Familie \u00fcbernachten kostenlos<\/li>\n<\/ul>\n<\/div><\/div><\/div><\/div><\/div><\/div><\/section><section class=\"l-section wpb_row height_small\"><div class=\"l-section-h i-cf\"><div class=\"g-cols vc_row via_grid cols_1 laptops-cols_inherit tablets-cols_inherit mobiles-cols_1 valign_top type_default stacking_default\"><div class=\"wpb_column vc_column_container\"><div class=\"vc_column-inner\"><\/div><\/div><\/div><\/div><\/section><section class=\"l-section wpb_row height_small\"><div class=\"l-section-h i-cf\"><div class=\"g-cols vc_row via_grid cols_2-3 laptops-cols_inherit tablets-cols_inherit mobiles-cols_1 valign_middle type_default stacking_default\"><div class=\"wpb_column vc_column_container\"><div class=\"vc_column-inner\"><h2 class=\"w-text\"><span class=\"w-text-h\"><span class=\"w-text-value\">Fr\u00fchst\u00fcck<\/span><\/span><\/h2><div class=\"wpb_text_column\"><div class=\"wpb_wrapper\"><ul>\n<li>Fr\u00fchst\u00fccksbuffet ist im Preis inbegriffen<\/li>\n<li>Von 8:00 bis 10:00<\/li>\n<\/ul>\n<\/div><\/div><\/div><\/div><div class=\"wpb_column vc_column_container\"><div class=\"vc_column-inner\"><div class=\"w-gallery type_grid ratio_3x2 count_1\" style=\"--columns:1;--items-gap:10px;\"><div class=\"w-gallery-list\"><div class=\"w-gallery-item\"><div class=\"w-gallery-item-img\"><img loading=\"lazy\" decoding=\"async\" width=\"1024\" height=\"681\" src=\"https:\/\/www.chatajarmilka.cz\/wp-content\/uploads\/2024\/01\/KUB_7668-1024x681.jpg\" class=\"attachment-large size-large\" alt=\"\" srcset=\"https:\/\/www.chatajarmilka.cz\/wp-content\/uploads\/2024\/01\/KUB_7668-1024x681.jpg 1024w, https:\/\/www.chatajarmilka.cz\/wp-content\/uploads\/2024\/01\/KUB_7668-300x200.jpg 300w, https:\/\/www.chatajarmilka.cz\/wp-content\/uploads\/2024\/01\/KUB_7668.jpg 1623w\" sizes=\"auto, (max-width: 1024px) 100vw, 1024px\" \/><\/div><\/div><\/div><\/div><\/div><\/div><\/div><\/div><\/section><section class=\"l-section wpb_row height_small\"><div class=\"l-section-h i-cf\"><div class=\"g-cols vc_row via_grid cols_1 laptops-cols_inherit tablets-cols_inherit mobiles-cols_1 valign_top type_default stacking_default\"><div class=\"wpb_column vc_column_container\"><div class=\"vc_column-inner\"><\/div><\/div><\/div><\/div><\/section><section class=\"l-section wpb_row height_small\"><div class=\"l-section-h i-cf\"><div class=\"g-cols vc_row via_grid cols_2 laptops-cols_inherit tablets-cols_inherit mobiles-cols_1 valign_middle type_default reversed stacking_default\"><div class=\"wpb_column vc_column_container\"><div class=\"vc_column-inner\"><div class=\"w-gallery type_grid ratio_3x2 count_1\" style=\"--columns:1;--items-gap:10px;\"><div class=\"w-gallery-list\"><div class=\"w-gallery-item\"><div class=\"w-gallery-item-img\"><img loading=\"lazy\" decoding=\"async\" width=\"1024\" height=\"683\" src=\"https:\/\/www.chatajarmilka.cz\/wp-content\/uploads\/2024\/01\/BEN_1221-1024x683.jpg\" class=\"attachment-large size-large\" alt=\"\" srcset=\"https:\/\/www.chatajarmilka.cz\/wp-content\/uploads\/2024\/01\/BEN_1221-1024x683.jpg 1024w, https:\/\/www.chatajarmilka.cz\/wp-content\/uploads\/2024\/01\/BEN_1221-300x200.jpg 300w, https:\/\/www.chatajarmilka.cz\/wp-content\/uploads\/2024\/01\/BEN_1221.jpg 1920w\" sizes=\"auto, (max-width: 1024px) 100vw, 1024px\" \/><\/div><\/div><\/div><\/div><\/div><\/div><div class=\"wpb_column vc_column_container\"><div class=\"vc_column-inner\"><h2 class=\"w-text\"><span class=\"w-text-h\"><span class=\"w-text-value\">Parken<\/span><\/span><\/h2><div class=\"wpb_text_column\"><div class=\"wpb_wrapper\"><ul>\n<li>Parken auf einem geschlossenen, kamera\u00fcberwachten Parkplatz vor dem G\u00e4stehaus im Unterkunftspreis inbegriffen<\/li>\n<\/ul>\n<\/div><\/div><\/div><\/div><\/div><\/div><\/section><section class=\"l-section wpb_row height_small\"><div class=\"l-section-h i-cf\"><div class=\"g-cols vc_row via_grid cols_1 laptops-cols_inherit tablets-cols_inherit mobiles-cols_1 valign_top type_default stacking_default\"><div class=\"wpb_column vc_column_container\"><div class=\"vc_column-inner\"><\/div><\/div><\/div><\/div><\/section><section class=\"l-section wpb_row us_custom_0ccc3812 height_small\"><div class=\"l-section-h i-cf\"><div class=\"g-cols vc_row via_grid cols_2 laptops-cols_inherit tablets-cols_inherit mobiles-cols_1 valign_middle type_default stacking_default\" style=\"--gap:1rem;\"><div class=\"wpb_column vc_column_container\"><div class=\"vc_column-inner\"><h2 class=\"w-text\"><span class=\"w-text-h\"><span class=\"w-text-value\">Buchungs- und Unterkunftsbedingungen<\/span><\/span><\/h2><div class=\"wpb_text_column\"><div class=\"wpb_wrapper\"><ul>\n<li>F\u00fcr die Reservierung ist eine Anzahlung von 50 % des Gesamtpreises der Unterkunft zu leisten. Im Falle einer vorzeitigen Beendigung des Aufenthalts ist keine R\u00fcckerstattung f\u00e4llig.<\/li>\n<li>Der Aufenthalt beginnt mit einem Check-in zwischen 14.00 und 20.00 Uhr. Die G\u00e4ste m\u00fcssen an der Rezeption einchecken und einen g\u00fcltigen Ausweis vorlegen. Der Aufenthalt endet mit dem Fr\u00fchst\u00fcck am Abreisetag und dem Zimmer-Check-out bis 10 Uhr. Das Gep\u00e4ck kann bis zum Nachmittag in dem daf\u00fcr vorgesehenen Raum aufbewahrt werden.<\/li>\n<li>Wir akzeptieren Kreditkarten.<\/li>\n<li>In der Winter- und Sommersaison betr\u00e4gt der Mindestaufenthalt 2 N\u00e4chte!<\/li>\n<\/ul>\n<\/div><\/div><\/div><\/div><div class=\"wpb_column vc_column_container us_custom_39bd4889 has_bg_color has-link\"><div class=\"vc_column-inner\"><div class=\"wpb_text_column us_custom_cfa6d5e8 h2-main-page has_text_color\"><div class=\"wpb_wrapper\"><h2><strong>Pension<\/strong><\/h2>\n<p>Reservierungen &gt;<\/p>\n<\/div><\/div><\/div><a href=\"https:\/\/www.chatajarmilka.cz\/chata\" class=\"vc_column-link smooth-scroll\" aria-label=\"Link\"><\/a><\/div><\/div><\/div><\/section>\n","protected":false},"excerpt":{"rendered":"","protected":false},"author":1,"featured_media":0,"parent":0,"menu_order":0,"comment_status":"closed","ping_status":"closed","template":"","meta":{"footnotes":""},"class_list":["post-706","page","type-page","status-publish","hentry"],"_links":{"self":[{"href":"https:\/\/www.chatajarmilka.cz\/de\/wp-json\/wp\/v2\/pages\/706","targetHints":{"allow":["GET"]}}],"collection":[{"href":"https:\/\/www.chatajarmilka.cz\/de\/wp-json\/wp\/v2\/pages"}],"about":[{"href":"https:\/\/www.chatajarmilka.cz\/de\/wp-json\/wp\/v2\/types\/page"}],"author":[{"embeddable":true,"href":"https:\/\/www.chatajarmilka.cz\/de\/wp-json\/wp\/v2\/users\/1"}],"replies":[{"embeddable":true,"href":"https:\/\/www.chatajarmilka.cz\/de\/wp-json\/wp\/v2\/comments?post=706"}],"version-history":[{"count":7,"href":"https:\/\/www.chatajarmilka.cz\/de\/wp-json\/wp\/v2\/pages\/706\/revisions"}],"predecessor-version":[{"id":1184,"href":"https:\/\/www.chatajarmilka.cz\/de\/wp-json\/wp\/v2\/pages\/706\/revisions\/1184"}],"wp:attachment":[{"href":"https:\/\/www.chatajarmilka.cz\/de\/wp-json\/wp\/v2\/media?parent=706"}],"curies":[{"name":"wp","href":"https:\/\/api.w.org\/{rel}","templated":true}]}}